{"id":366,"date":"2023-10-31T10:45:58","date_gmt":"2023-10-31T10:45:58","guid":{"rendered":"https:\/\/hotelrumbudapest.com\/cosy-room\/"},"modified":"2024-10-07T15:23:22","modified_gmt":"2024-10-07T15:23:22","slug":"black-rum","status":"publish","type":"page","link":"https:\/\/hotelrumbudapest.com\/hu\/rooms\/black-rum\/","title":{"rendered":"Black Rum"},"content":{"rendered":"<p>[et_pb_section fb_built=&#8221;1&#8243; _builder_version=&#8221;4.23&#8243; _module_preset=&#8221;default&#8221; use_background_color_gradient=&#8221;on&#8221; background_color_gradient_stops=&#8221;rgba(0,0,0,0.2) 0%|rgba(0,0,0,0.2) 97%&#8221; background_color_gradient_overlays_image=&#8221;on&#8221; background_image=&#8221;https:\/\/hotelrumbudapest.com\/wp-content\/uploads\/2023\/11\/Hotel-Rum-Budapest-Black-Rum-1-scaled.jpg&#8221; custom_margin=&#8221;-220px||0px||false|false&#8221; custom_padding=&#8221;340px||180px||false|false&#8221; hover_enabled=&#8221;0&#8243; da_disable_devices=&#8221;off|off|off&#8221; global_colors_info=&#8221;{}&#8221; sticky_enabled=&#8221;0&#8243; da_is_popup=&#8221;off&#8221; da_exit_intent=&#8221;off&#8221; da_has_close=&#8221;on&#8221; da_alt_close=&#8221;off&#8221; da_dark_close=&#8221;off&#8221; da_not_modal=&#8221;on&#8221; da_is_singular=&#8221;off&#8221; da_with_loader=&#8221;off&#8221; da_has_shadow=&#8221;on&#8221;][et_pb_row _builder_version=&#8221;4.23&#8243; _module_preset=&#8221;default&#8221; width=&#8221;95%&#8221; max_width=&#8221;2560px&#8221; global_colors_info=&#8221;{}&#8221;][et_pb_column type=&#8221;4_4&#8243; _builder_version=&#8221;4.23&#8243; _module_preset=&#8221;default&#8221; global_colors_info=&#8221;{}&#8221;][et_pb_text _builder_version=&#8221;4.23&#8243; _module_preset=&#8221;default&#8221; text_font=&#8221;ZonaPro Bold|600|||||||&#8221; text_text_color=&#8221;#FFFFFF&#8221; text_font_size=&#8221;24px&#8221; text_letter_spacing=&#8221;3px&#8221; text_orientation=&#8221;center&#8221; custom_margin=&#8221;||10px||false|false&#8221; custom_padding=&#8221;||0px||false|false&#8221; global_colors_info=&#8221;{}&#8221;]<\/p>\n<p>BLACK RUM<\/p>\n<p>[\/et_pb_text][et_pb_text _builder_version=&#8221;4.23&#8243; _module_preset=&#8221;default&#8221; text_font=&#8221;ZonaPro Regular|300|||||||&#8221; text_text_color=&#8221;#FFFFFF&#8221; text_font_size=&#8221;18px&#8221; text_letter_spacing=&#8221;2px&#8221; text_orientation=&#8221;center&#8221; global_colors_info=&#8221;{}&#8221;]<\/p>\n<p>NAGY+<\/p>\n<p>[\/et_pb_text][et_pb_divider color=&#8221;#FFFFFF&#8221; divider_weight=&#8221;6px&#8221; _builder_version=&#8221;4.23&#8243; _module_preset=&#8221;default&#8221; max_width=&#8221;16px&#8221; module_alignment=&#8221;center&#8221; global_colors_info=&#8221;{}&#8221;][\/et_pb_divider][\/et_pb_column][\/et_pb_row][\/et_pb_section][et_pb_section fb_built=&#8221;1&#8243; _builder_version=&#8221;4.23&#8243; _module_preset=&#8221;default&#8221; background_color=&#8221;#fbf7ef&#8221; hover_enabled=&#8221;0&#8243; da_disable_devices=&#8221;off|off|off&#8221; global_colors_info=&#8221;{}&#8221; sticky_enabled=&#8221;0&#8243; da_is_popup=&#8221;off&#8221; da_exit_intent=&#8221;off&#8221; da_has_close=&#8221;on&#8221; da_alt_close=&#8221;off&#8221; da_dark_close=&#8221;off&#8221; da_not_modal=&#8221;on&#8221; da_is_singular=&#8221;off&#8221; da_with_loader=&#8221;off&#8221; da_has_shadow=&#8221;on&#8221;][et_pb_row _builder_version=&#8221;4.23&#8243; _module_preset=&#8221;default&#8221; global_colors_info=&#8221;{}&#8221;][et_pb_column type=&#8221;4_4&#8243; _builder_version=&#8221;4.23&#8243; _module_preset=&#8221;default&#8221; global_colors_info=&#8221;{}&#8221;][et_pb_text _builder_version=&#8221;4.23&#8243; _module_preset=&#8221;default&#8221; text_font=&#8221;ZonaPro Regular||||||||&#8221; text_orientation=&#8221;center&#8221; global_colors_info=&#8221;{}&#8221;]<\/p>\n<p><span>Pont \u00fagy, mint a &#8222;black rum&#8221;, amely a intenz\u00edv arom\u00e1j\u00e1r\u00f3l ismert, ezeket a szob\u00e1kat igazi \u00ednyenceknek tervezt\u00fck. Sz\u00edvd magadba mindazt, amit a v\u00e1ros k\u00edn\u00e1l, mik\u00f6zben Budapestben gy\u00f6ny\u00f6rk\u00f6dsz a szob\u00e1db\u00f3l. Ezek a t\u00e1gas \u00e9s \u00e9l\u00e9nk szob\u00e1k \u00f3ri\u00e1si francia \u00e1gyakkal \u00e9s k\u00e9tszem\u00e9lyes kih\u00fazhat\u00f3 kanap\u00e9kkal vannak felszerelve, \u00edgy k\u00e9t vagy h\u00e1rom f\u0151nek is t\u00f6k\u00e9letes v\u00e1laszt\u00e1s.<\/span><\/p>\n<p>[\/et_pb_text][\/et_pb_column][\/et_pb_row][et_pb_row column_structure=&#8221;1_3,1_3,1_3&#8243; _builder_version=&#8221;4.23&#8243; _module_preset=&#8221;default&#8221; width=&#8221;60%&#8221; global_colors_info=&#8221;{}&#8221;][et_pb_column type=&#8221;1_3&#8243; _builder_version=&#8221;4.23&#8243; _module_preset=&#8221;default&#8221; global_colors_info=&#8221;{}&#8221;][et_pb_text _builder_version=&#8221;4.23&#8243; _module_preset=&#8221;default&#8221; text_font=&#8221;ZonaPro Regular||||||||&#8221; global_colors_info=&#8221;{}&#8221;]<\/p>\n<p>\u25c7 3<span>0 m2\/ 323 ft2<\/span><\/p>\n<p>[\/et_pb_text][et_pb_text _builder_version=&#8221;4.23&#8243; _module_preset=&#8221;default&#8221; text_font=&#8221;ZonaPro Regular||||||||&#8221; global_colors_info=&#8221;{}&#8221;]<\/p>\n<p>\u25c7 Ingyenes WIFI<\/p>\n<p>[\/et_pb_text][et_pb_text _builder_version=&#8221;4.23&#8243; _module_preset=&#8221;default&#8221; text_font=&#8221;ZonaPro Regular||||||||&#8221; global_colors_info=&#8221;{}&#8221;]\u25c7 Utc\u00e1ra n\u00e9z\u0151 szob\u00e1k[\/et_pb_text][et_pb_text _builder_version=&#8221;4.23&#8243; _module_preset=&#8221;default&#8221; text_font=&#8221;ZonaPro Regular||||||||&#8221; global_colors_info=&#8221;{}&#8221;]<\/p>\n<p>\u25c7 Kl\u00edma<\/p>\n<p>[\/et_pb_text][et_pb_text _builder_version=&#8221;4.23&#8243; _module_preset=&#8221;default&#8221; text_font=&#8221;ZonaPro Regular||||||||&#8221; global_colors_info=&#8221;{}&#8221;]<\/p>\n<p>\u25c7 Es\u0151zuhany<\/p>\n<p>[\/et_pb_text][\/et_pb_column][et_pb_column type=&#8221;1_3&#8243; _builder_version=&#8221;4.23&#8243; _module_preset=&#8221;default&#8221; global_colors_info=&#8221;{}&#8221;][et_pb_text _builder_version=&#8221;4.23&#8243; _module_preset=&#8221;default&#8221; text_font=&#8221;ZonaPro Regular||||||||&#8221; global_colors_info=&#8221;{}&#8221;]<\/p>\n<p>\u25c7 R<span>UM f\u00fcrd\u0151term\u00e9kek<\/span><\/p>\n<p>[\/et_pb_text][et_pb_text _builder_version=&#8221;4.23&#8243; _module_preset=&#8221;default&#8221; text_font=&#8221;ZonaPro Regular||||||||&#8221; global_colors_info=&#8221;{}&#8221;]<\/p>\n<p>\u25c7 TV<\/p>\n<p>[\/et_pb_text][et_pb_text _builder_version=&#8221;4.23&#8243; _module_preset=&#8221;default&#8221; text_font=&#8221;ZonaPro Regular||||||||&#8221; global_colors_info=&#8221;{}&#8221;]<\/p>\n<p>\u25c7 Telefon<\/p>\n<p>[\/et_pb_text][et_pb_text _builder_version=&#8221;4.23&#8243; _module_preset=&#8221;default&#8221; text_font=&#8221;ZonaPro Regular||||||||&#8221; global_colors_info=&#8221;{}&#8221;]\u25c7 Sz\u00e9f[\/et_pb_text][et_pb_text _builder_version=&#8221;4.23&#8243; _module_preset=&#8221;default&#8221; text_font=&#8221;ZonaPro Regular||||||||&#8221; global_colors_info=&#8221;{}&#8221;]<\/p>\n<p>\u25c7 Elektromos v\u00edzforral\u00f3<\/p>\n<p>[\/et_pb_text][\/et_pb_column][et_pb_column type=&#8221;1_3&#8243; _builder_version=&#8221;4.23&#8243; _module_preset=&#8221;default&#8221; global_colors_info=&#8221;{}&#8221;][et_pb_text _builder_version=&#8221;4.23&#8243; _module_preset=&#8221;default&#8221; text_font=&#8221;ZonaPro Regular||||||||&#8221; global_colors_info=&#8221;{}&#8221;]<\/p>\n<p>\u25c7 M<span>inib\u00e1r<\/span><\/p>\n<p>[\/et_pb_text][et_pb_text _builder_version=&#8221;4.23&#8243; _module_preset=&#8221;default&#8221; text_font=&#8221;ZonaPro Regular||||||||&#8221; global_colors_info=&#8221;{}&#8221;]<\/p>\n<p>\u25c7 N<span>espresso k\u00e1v\u00e9f\u0151z\u0151<\/span><\/p>\n<p>[\/et_pb_text][et_pb_text _builder_version=&#8221;4.23&#8243; _module_preset=&#8221;default&#8221; text_font=&#8221;ZonaPro Regular||||||||&#8221; global_colors_info=&#8221;{}&#8221;]\u25c7 T\u00f6r\u00f6lk\u00f6z\u0151k \u00e9s hajsz\u00e1t\u00edt\u00f3[\/et_pb_text][et_pb_text _builder_version=&#8221;4.23&#8243; _module_preset=&#8221;default&#8221; text_font=&#8221;ZonaPro Regular||||||||&#8221; global_colors_info=&#8221;{}&#8221;]<\/p>\n<p>\u25c7 Ki<span>h\u00fazhat\u00f3 k\u00e9tszem\u00e9lyes kanap\u00e9<\/span><\/p>\n<p>[\/et_pb_text][\/et_pb_column][\/et_pb_row][et_pb_row _builder_version=&#8221;4.23&#8243; _module_preset=&#8221;default&#8221; width=&#8221;94%&#8221; max_width=&#8221;2560px&#8221; locked=&#8221;off&#8221; global_colors_info=&#8221;{}&#8221;][et_pb_column type=&#8221;4_4&#8243; _builder_version=&#8221;4.23&#8243; _module_preset=&#8221;default&#8221; global_colors_info=&#8221;{}&#8221;][et_pb_gallery gallery_ids=&#8221;1218,1220,1222,1224,1226,1228,1230,1232,1234,1236&#8243; posts_number=&#8221;3&#8243; show_title_and_caption=&#8221;off&#8221; show_pagination=&#8221;off&#8221; zoom_icon_color=&#8221;RGBA(255,255,255,0)&#8221; hover_overlay_color=&#8221;RGBA(255,255,255,0)&#8221; _builder_version=&#8221;4.23&#8243; _module_preset=&#8221;default&#8221; custom_css_gallery_item=&#8221;width: 29% !important;||margin: 2% !important;||clear: none !important;&#8221; global_colors_info=&#8221;{}&#8221; custom_css_gallery_item_last_edited=&#8221;on|phone&#8221; custom_css_gallery_item_tablet=&#8221;width: 28% !important;||margin: 2% !important;||clear: none !important;&#8221; custom_css_gallery_item_phone=&#8221;width: 90% !important;||margin-right: 5% !important;||margin-left: 5% !important;||clear: none !important;&#8221;][\/et_pb_gallery][\/et_pb_column][\/et_pb_row][\/et_pb_section][et_pb_section fb_built=&#8221;1&#8243; _builder_version=&#8221;4.23&#8243; _module_preset=&#8221;default&#8221; hover_enabled=&#8221;0&#8243; da_disable_devices=&#8221;off|off|off&#8221; global_colors_info=&#8221;{}&#8221; sticky_enabled=&#8221;0&#8243; da_is_popup=&#8221;off&#8221; da_exit_intent=&#8221;off&#8221; da_has_close=&#8221;on&#8221; da_alt_close=&#8221;off&#8221; da_dark_close=&#8221;off&#8221; da_not_modal=&#8221;on&#8221; da_is_singular=&#8221;off&#8221; da_with_loader=&#8221;off&#8221; da_has_shadow=&#8221;on&#8221;][et_pb_row _builder_version=&#8221;4.23&#8243; _module_preset=&#8221;default&#8221; global_colors_info=&#8221;{}&#8221;][et_pb_column type=&#8221;4_4&#8243; _builder_version=&#8221;4.23&#8243; _module_preset=&#8221;default&#8221; global_colors_info=&#8221;{}&#8221;][et_pb_text _builder_version=&#8221;4.23&#8243; _module_preset=&#8221;default&#8221; text_font=&#8221;ZonaPro Bold|600|||||||&#8221; text_text_color=&#8221;#000000&#8243; text_font_size=&#8221;24px&#8221; text_letter_spacing=&#8221;3px&#8221; text_orientation=&#8221;center&#8221; global_colors_info=&#8221;{}&#8221;]FOGLALJ MOST<br \/>\n[\/et_pb_text][et_pb_divider divider_weight=&#8221;6px&#8221; _builder_version=&#8221;4.23&#8243; _module_preset=&#8221;default&#8221; max_width=&#8221;16px&#8221; module_alignment=&#8221;center&#8221; global_colors_info=&#8221;{}&#8221;][\/et_pb_divider][et_pb_code _builder_version=&#8221;4.23&#8243; _module_preset=&#8221;default&#8221; global_colors_info=&#8221;{}&#8221;]<!--Booking Engine Start--><script data-cfasync=\"false\" src=\"https:\/\/ibe.sabeeapp.com\/bewidget.php?id=4f3df99ca2fcc7340e0adbfa78c0bbac&#038;l=hu\" type=\"text\/javascript\" id=\"widget_4f3df99ca2fcc7340e0adbfa78c0bbac\"><\/script><!--Booking Engine End-->[\/et_pb_code][\/et_pb_column][\/et_pb_row][\/et_pb_section][et_pb_section fb_built=&#8221;1&#8243; _builder_version=&#8221;4.23&#8243; _module_preset=&#8221;default&#8221; background_color=&#8221;#fbf7ef&#8221; hover_enabled=&#8221;0&#8243; da_disable_devices=&#8221;off|off|off&#8221; global_colors_info=&#8221;{}&#8221; sticky_enabled=&#8221;0&#8243; da_is_popup=&#8221;off&#8221; da_exit_intent=&#8221;off&#8221; da_has_close=&#8221;on&#8221; da_alt_close=&#8221;off&#8221; da_dark_close=&#8221;off&#8221; da_not_modal=&#8221;on&#8221; da_is_singular=&#8221;off&#8221; da_with_loader=&#8221;off&#8221; da_has_shadow=&#8221;on&#8221;][et_pb_row _builder_version=&#8221;4.23&#8243; _module_preset=&#8221;default&#8221; global_colors_info=&#8221;{}&#8221;][et_pb_column type=&#8221;4_4&#8243; _builder_version=&#8221;4.23&#8243; _module_preset=&#8221;default&#8221; global_colors_info=&#8221;{}&#8221;][et_pb_text _builder_version=&#8221;4.23&#8243; _module_preset=&#8221;default&#8221; text_font=&#8221;Lato|600|||||||&#8221; text_text_color=&#8221;#000000&#8243; text_font_size=&#8221;24px&#8221; text_letter_spacing=&#8221;2px&#8221; text_orientation=&#8221;center&#8221; global_colors_info=&#8221;{}&#8221;]<\/p>\n<p>SZOB\u00c1K<\/p>\n<p>[\/et_pb_text][et_pb_divider divider_weight=&#8221;6px&#8221; _builder_version=&#8221;4.23&#8243; _module_preset=&#8221;default&#8221; max_width=&#8221;16px&#8221; module_alignment=&#8221;center&#8221; global_colors_info=&#8221;{}&#8221;][\/et_pb_divider][\/et_pb_column][\/et_pb_row][et_pb_row column_structure=&#8221;1_3,1_3,1_3&#8243; use_custom_gutter=&#8221;on&#8221; gutter_width=&#8221;2&#8243; _builder_version=&#8221;4.23&#8243; _module_preset=&#8221;default&#8221; width=&#8221;90%&#8221; max_width=&#8221;2560px&#8221; locked=&#8221;off&#8221; global_colors_info=&#8221;{}&#8221; background__hover_enabled=&#8221;off|desktop&#8221; background_enable_color__hover=&#8221;off&#8221;][et_pb_column type=&#8221;1_3&#8243; _builder_version=&#8221;4.23&#8243; _module_preset=&#8221;default&#8221; background_enable_color=&#8221;off&#8221; use_background_color_gradient=&#8221;on&#8221; background_color_gradient_stops=&#8221;rgba(0,0,0,0.2) 0%|rgba(0,0,0,0.2) 100%&#8221; background_color_gradient_overlays_image=&#8221;on&#8221; background_image=&#8221;https:\/\/hotelrumbudapest.com\/wp-content\/uploads\/2023\/11\/Hotel-Rum-Budapest-Gold-Rum-1.jpg&#8221; custom_padding=&#8221;6%||6%||true|false&#8221; link_option_url=&#8221;https:\/\/hotelrumbudapest.com\/hu\/rooms\/gold-rum\/&#8221; global_colors_info=&#8221;{}&#8221; background__hover_enabled=&#8221;on|hover&#8221; background_color_gradient_stops__hover=&#8221;rgba(0,0,0,0.3) 0%|rgba(0,0,0,0.3) 100%&#8221; use_background_color_gradient__hover=&#8221;on&#8221;][et_pb_text _builder_version=&#8221;4.23&#8243; _module_preset=&#8221;default&#8221; text_font=&#8221;Lato|600|||||||&#8221; text_text_color=&#8221;#FFFFFF&#8221; text_font_size=&#8221;24px&#8221; text_letter_spacing=&#8221;2px&#8221; text_orientation=&#8221;center&#8221; custom_margin=&#8221;||0px||false|false&#8221; custom_padding=&#8221;||0px||false|false&#8221; global_colors_info=&#8221;{}&#8221;]<\/p>\n<p>GOLD RUM<\/p>\n<p>[\/et_pb_text][et_pb_text _builder_version=&#8221;4.23&#8243; _module_preset=&#8221;default&#8221; text_font=&#8221;Lato|300|||||||&#8221; text_text_color=&#8221;#FFFFFF&#8221; text_font_size=&#8221;18px&#8221; text_letter_spacing=&#8221;2px&#8221; text_orientation=&#8221;center&#8221; custom_margin=&#8221;||10px||false|false&#8221; global_colors_info=&#8221;{}&#8221;]<\/p>\n<p>NAGY<\/p>\n<p>[\/et_pb_text][et_pb_icon font_icon=&#8221;&#x33;||divi||400&#8243; icon_color=&#8221;#FFFFFF&#8221; icon_width=&#8221;20px&#8221; _builder_version=&#8221;4.23&#8243; _module_preset=&#8221;default&#8221; border_radii=&#8221;on|2px|2px|2px|2px&#8221; border_width_all=&#8221;3px&#8221; border_color_all=&#8221;#FFFFFF&#8221; global_colors_info=&#8221;{}&#8221;][\/et_pb_icon][\/et_pb_column][et_pb_column type=&#8221;1_3&#8243; _builder_version=&#8221;4.23&#8243; _module_preset=&#8221;default&#8221; use_background_color_gradient=&#8221;on&#8221; background_color_gradient_stops=&#8221;rgba(0,0,0,0.2) 0%|rgba(0,0,0,0.2) 100%&#8221; background_color_gradient_overlays_image=&#8221;on&#8221; background_image=&#8221;https:\/\/hotelrumbudapest.com\/wp-content\/uploads\/2023\/11\/Hotel-Rum-Budapest-Spiced-Rum-1-scaled.jpg&#8221; custom_padding=&#8221;6%||6%||true|false&#8221; link_option_url=&#8221;https:\/\/hotelrumbudapest.com\/hu\/rooms\/spiced-rum\/&#8221; global_colors_info=&#8221;{}&#8221; background__hover_enabled=&#8221;on|desktop&#8221; background_color_gradient_stops__hover=&#8221;rgba(0,0,0,0.3) 96%|rgba(0,0,0,0.3) 99%&#8221; use_background_color_gradient__hover=&#8221;on&#8221;][et_pb_text _builder_version=&#8221;4.23&#8243; _module_preset=&#8221;default&#8221; text_font=&#8221;Lato|600|||||||&#8221; text_text_color=&#8221;#FFFFFF&#8221; text_font_size=&#8221;24px&#8221; text_letter_spacing=&#8221;2px&#8221; text_orientation=&#8221;center&#8221; custom_margin=&#8221;||0px||false|false&#8221; custom_padding=&#8221;||0px||false|false&#8221; global_colors_info=&#8221;{}&#8221;]<\/p>\n<p>SPICED RUM<\/p>\n<p>[\/et_pb_text][et_pb_text _builder_version=&#8221;4.23&#8243; _module_preset=&#8221;default&#8221; text_font=&#8221;Lato|300|||||||&#8221; text_text_color=&#8221;#FFFFFF&#8221; text_font_size=&#8221;18px&#8221; text_letter_spacing=&#8221;2px&#8221; text_orientation=&#8221;center&#8221; custom_margin=&#8221;||10px||false|false&#8221; global_colors_info=&#8221;{}&#8221;]<\/p>\n<p>K\u00d6ZEPES<\/p>\n<p>[\/et_pb_text][et_pb_icon font_icon=&#8221;&#x33;||divi||400&#8243; icon_color=&#8221;#FFFFFF&#8221; icon_width=&#8221;20px&#8221; _builder_version=&#8221;4.23&#8243; _module_preset=&#8221;default&#8221; border_radii=&#8221;on|2px|2px|2px|2px&#8221; border_width_all=&#8221;3px&#8221; border_color_all=&#8221;#FFFFFF&#8221; global_colors_info=&#8221;{}&#8221;][\/et_pb_icon][\/et_pb_column][et_pb_column type=&#8221;1_3&#8243; _builder_version=&#8221;4.23&#8243; _module_preset=&#8221;default&#8221; use_background_color_gradient=&#8221;on&#8221; background_color_gradient_stops=&#8221;rgba(0,0,0,0.2) 0%|rgba(0,0,0,0.2) 100%&#8221; background_color_gradient_overlays_image=&#8221;on&#8221; background_image=&#8221;https:\/\/hotelrumbudapest.com\/wp-content\/uploads\/2023\/11\/Hotel-Rum-Budapest-Light-Rum-1.jpg&#8221; custom_padding=&#8221;6%||6%||true|false&#8221; link_option_url=&#8221;https:\/\/hotelrumbudapest.com\/hu\/rooms\/light-rum\/&#8221; global_colors_info=&#8221;{}&#8221; background__hover_enabled=&#8221;on|desktop&#8221; background_color_gradient_stops__hover=&#8221;rgba(0,0,0,0.3) 96%|rgba(0,0,0,0.3) 99%&#8221; use_background_color_gradient__hover=&#8221;on&#8221;][et_pb_text _builder_version=&#8221;4.23&#8243; _module_preset=&#8221;default&#8221; text_font=&#8221;Lato|600|||||||&#8221; text_text_color=&#8221;#FFFFFF&#8221; text_font_size=&#8221;24px&#8221; text_letter_spacing=&#8221;2px&#8221; text_orientation=&#8221;center&#8221; custom_margin=&#8221;||0px||false|false&#8221; custom_padding=&#8221;||0px||false|false&#8221; global_colors_info=&#8221;{}&#8221;]<\/p>\n<p>LIGHT RUM<\/p>\n<p>[\/et_pb_text][et_pb_text _builder_version=&#8221;4.23&#8243; _module_preset=&#8221;default&#8221; text_font=&#8221;Lato|300|||||||&#8221; text_text_color=&#8221;#FFFFFF&#8221; text_font_size=&#8221;18px&#8221; text_letter_spacing=&#8221;2px&#8221; text_orientation=&#8221;center&#8221; custom_margin=&#8221;||10px||false|false&#8221; global_colors_info=&#8221;{}&#8221;]<\/p>\n<p>KICSI<\/p>\n<p>[\/et_pb_text][et_pb_icon font_icon=&#8221;&#x33;||divi||400&#8243; icon_color=&#8221;#FFFFFF&#8221; icon_width=&#8221;20px&#8221; _builder_version=&#8221;4.23&#8243; _module_preset=&#8221;default&#8221; border_radii=&#8221;on|2px|2px|2px|2px&#8221; border_width_all=&#8221;3px&#8221; border_color_all=&#8221;#FFFFFF&#8221; global_colors_info=&#8221;{}&#8221;][\/et_pb_icon][\/et_pb_column][\/et_pb_row][\/et_pb_section]<\/p>\n","protected":false},"excerpt":{"rendered":"<p>BLACK RUMNAGY+Pont \u00fagy, mint a &#8222;black rum&#8221;, amely a intenz\u00edv arom\u00e1j\u00e1r\u00f3l ismert, ezeket a szob\u00e1kat igazi \u00ednyenceknek tervezt\u00fck. Sz\u00edvd magadba mindazt, amit a v\u00e1ros k\u00edn\u00e1l, mik\u00f6zben Budapestben gy\u00f6ny\u00f6rk\u00f6dsz a szob\u00e1db\u00f3l. Ezek a t\u00e1gas \u00e9s \u00e9l\u00e9nk szob\u00e1k \u00f3ri\u00e1si francia \u00e1gyakkal \u00e9s k\u00e9tszem\u00e9lyes kih\u00fazhat\u00f3 kanap\u00e9kkal vannak felszerelve, \u00edgy k\u00e9t vagy h\u00e1rom f\u0151nek is t\u00f6k\u00e9letes v\u00e1laszt\u00e1s.\u25c7 30 m2\/ [&hellip;]<\/p>\n","protected":false},"author":1,"featured_media":0,"parent":578,"menu_order":0,"comment_status":"closed","ping_status":"closed","template":"","meta":{"_et_pb_use_builder":"on","_et_pb_old_content":"","_et_gb_content_width":"","footnotes":""},"class_list":["post-366","page","type-page","status-publish","hentry"],"yoast_head":"<!-- This site is optimized with the Yoast SEO plugin v26.8 - https:\/\/yoast.com\/product\/yoast-seo-wordpress\/ -->\n<title>Black Rum - Hotel Rum Budapest<\/title>\n<meta name=\"robots\" content=\"index, follow, max-snippet:-1, max-image-preview:large, max-video-preview:-1\" \/>\n<link rel=\"canonical\" href=\"https:\/\/hotelrumbudapest.com\/hu\/rooms\/black-rum\/\" \/>\n<meta property=\"og:locale\" content=\"hu_HU\" \/>\n<meta property=\"og:type\" content=\"article\" \/>\n<meta property=\"og:title\" content=\"Black Rum - Hotel Rum Budapest\" \/>\n<meta property=\"og:description\" content=\"BLACK RUMNAGY+Pont \u00fagy, mint a &quot;black rum&quot;, amely a intenz\u00edv arom\u00e1j\u00e1r\u00f3l ismert, ezeket a szob\u00e1kat igazi \u00ednyenceknek tervezt\u00fck. Sz\u00edvd magadba mindazt, amit a v\u00e1ros k\u00edn\u00e1l, mik\u00f6zben Budapestben gy\u00f6ny\u00f6rk\u00f6dsz a szob\u00e1db\u00f3l. Ezek a t\u00e1gas \u00e9s \u00e9l\u00e9nk szob\u00e1k \u00f3ri\u00e1si francia \u00e1gyakkal \u00e9s k\u00e9tszem\u00e9lyes kih\u00fazhat\u00f3 kanap\u00e9kkal vannak felszerelve, \u00edgy k\u00e9t vagy h\u00e1rom f\u0151nek is t\u00f6k\u00e9letes v\u00e1laszt\u00e1s.\u25c7 30 m2\/ [&hellip;]\" \/>\n<meta property=\"og:url\" content=\"https:\/\/hotelrumbudapest.com\/hu\/rooms\/black-rum\/\" \/>\n<meta property=\"og:site_name\" content=\"Hotel Rum Budapest\" \/>\n<meta property=\"article:modified_time\" content=\"2024-10-07T15:23:22+00:00\" \/>\n<meta name=\"twitter:card\" content=\"summary_large_image\" \/>\n<meta name=\"twitter:label1\" content=\"Becs\u00fclt olvas\u00e1si id\u0151\" \/>\n\t<meta name=\"twitter:data1\" content=\"3 perc\" \/>\n<script type=\"application\/ld+json\" class=\"yoast-schema-graph\">{\"@context\":\"https:\/\/schema.org\",\"@graph\":[{\"@type\":\"WebPage\",\"@id\":\"https:\/\/hotelrumbudapest.com\/hu\/rooms\/black-rum\/\",\"url\":\"https:\/\/hotelrumbudapest.com\/hu\/rooms\/black-rum\/\",\"name\":\"Black Rum - Hotel Rum Budapest\",\"isPartOf\":{\"@id\":\"https:\/\/hotelrumbudapest.com\/#website\"},\"datePublished\":\"2023-10-31T10:45:58+00:00\",\"dateModified\":\"2024-10-07T15:23:22+00:00\",\"breadcrumb\":{\"@id\":\"https:\/\/hotelrumbudapest.com\/hu\/rooms\/black-rum\/#breadcrumb\"},\"inLanguage\":\"hu\",\"potentialAction\":[{\"@type\":\"ReadAction\",\"target\":[\"https:\/\/hotelrumbudapest.com\/hu\/rooms\/black-rum\/\"]}]},{\"@type\":\"BreadcrumbList\",\"@id\":\"https:\/\/hotelrumbudapest.com\/hu\/rooms\/black-rum\/#breadcrumb\",\"itemListElement\":[{\"@type\":\"ListItem\",\"position\":1,\"name\":\"Home\",\"item\":\"https:\/\/hotelrumbudapest.com\/hu\/\"},{\"@type\":\"ListItem\",\"position\":2,\"name\":\"Rooms\",\"item\":\"https:\/\/hotelrumbudapest.com\/hu\/rooms\/\"},{\"@type\":\"ListItem\",\"position\":3,\"name\":\"Black Rum\"}]},{\"@type\":\"WebSite\",\"@id\":\"https:\/\/hotelrumbudapest.com\/#website\",\"url\":\"https:\/\/hotelrumbudapest.com\/\",\"name\":\"Hotel Rum Budapest\",\"description\":\"\",\"potentialAction\":[{\"@type\":\"SearchAction\",\"target\":{\"@type\":\"EntryPoint\",\"urlTemplate\":\"https:\/\/hotelrumbudapest.com\/?s={search_term_string}\"},\"query-input\":{\"@type\":\"PropertyValueSpecification\",\"valueRequired\":true,\"valueName\":\"search_term_string\"}}],\"inLanguage\":\"hu\"}]}<\/script>\n<!-- \/ Yoast SEO plugin. -->","yoast_head_json":{"title":"Black Rum - Hotel Rum Budapest","robots":{"index":"index","follow":"follow","max-snippet":"max-snippet:-1","max-image-preview":"max-image-preview:large","max-video-preview":"max-video-preview:-1"},"canonical":"https:\/\/hotelrumbudapest.com\/hu\/rooms\/black-rum\/","og_locale":"hu_HU","og_type":"article","og_title":"Black Rum - Hotel Rum Budapest","og_description":"BLACK RUMNAGY+Pont \u00fagy, mint a \"black rum\", amely a intenz\u00edv arom\u00e1j\u00e1r\u00f3l ismert, ezeket a szob\u00e1kat igazi \u00ednyenceknek tervezt\u00fck. Sz\u00edvd magadba mindazt, amit a v\u00e1ros k\u00edn\u00e1l, mik\u00f6zben Budapestben gy\u00f6ny\u00f6rk\u00f6dsz a szob\u00e1db\u00f3l. Ezek a t\u00e1gas \u00e9s \u00e9l\u00e9nk szob\u00e1k \u00f3ri\u00e1si francia \u00e1gyakkal \u00e9s k\u00e9tszem\u00e9lyes kih\u00fazhat\u00f3 kanap\u00e9kkal vannak felszerelve, \u00edgy k\u00e9t vagy h\u00e1rom f\u0151nek is t\u00f6k\u00e9letes v\u00e1laszt\u00e1s.\u25c7 30 m2\/ [&hellip;]","og_url":"https:\/\/hotelrumbudapest.com\/hu\/rooms\/black-rum\/","og_site_name":"Hotel Rum Budapest","article_modified_time":"2024-10-07T15:23:22+00:00","twitter_card":"summary_large_image","twitter_misc":{"Becs\u00fclt olvas\u00e1si id\u0151":"3 perc"},"schema":{"@context":"https:\/\/schema.org","@graph":[{"@type":"WebPage","@id":"https:\/\/hotelrumbudapest.com\/hu\/rooms\/black-rum\/","url":"https:\/\/hotelrumbudapest.com\/hu\/rooms\/black-rum\/","name":"Black Rum - Hotel Rum Budapest","isPartOf":{"@id":"https:\/\/hotelrumbudapest.com\/#website"},"datePublished":"2023-10-31T10:45:58+00:00","dateModified":"2024-10-07T15:23:22+00:00","breadcrumb":{"@id":"https:\/\/hotelrumbudapest.com\/hu\/rooms\/black-rum\/#breadcrumb"},"inLanguage":"hu","potentialAction":[{"@type":"ReadAction","target":["https:\/\/hotelrumbudapest.com\/hu\/rooms\/black-rum\/"]}]},{"@type":"BreadcrumbList","@id":"https:\/\/hotelrumbudapest.com\/hu\/rooms\/black-rum\/#breadcrumb","itemListElement":[{"@type":"ListItem","position":1,"name":"Home","item":"https:\/\/hotelrumbudapest.com\/hu\/"},{"@type":"ListItem","position":2,"name":"Rooms","item":"https:\/\/hotelrumbudapest.com\/hu\/rooms\/"},{"@type":"ListItem","position":3,"name":"Black Rum"}]},{"@type":"WebSite","@id":"https:\/\/hotelrumbudapest.com\/#website","url":"https:\/\/hotelrumbudapest.com\/","name":"Hotel Rum Budapest","description":"","potentialAction":[{"@type":"SearchAction","target":{"@type":"EntryPoint","urlTemplate":"https:\/\/hotelrumbudapest.com\/?s={search_term_string}"},"query-input":{"@type":"PropertyValueSpecification","valueRequired":true,"valueName":"search_term_string"}}],"inLanguage":"hu"}]}},"_links":{"self":[{"href":"https:\/\/hotelrumbudapest.com\/hu\/wp-json\/wp\/v2\/pages\/366","targetHints":{"allow":["GET"]}}],"collection":[{"href":"https:\/\/hotelrumbudapest.com\/hu\/wp-json\/wp\/v2\/pages"}],"about":[{"href":"https:\/\/hotelrumbudapest.com\/hu\/wp-json\/wp\/v2\/types\/page"}],"author":[{"embeddable":true,"href":"https:\/\/hotelrumbudapest.com\/hu\/wp-json\/wp\/v2\/users\/1"}],"replies":[{"embeddable":true,"href":"https:\/\/hotelrumbudapest.com\/hu\/wp-json\/wp\/v2\/comments?post=366"}],"version-history":[{"count":13,"href":"https:\/\/hotelrumbudapest.com\/hu\/wp-json\/wp\/v2\/pages\/366\/revisions"}],"predecessor-version":[{"id":2353,"href":"https:\/\/hotelrumbudapest.com\/hu\/wp-json\/wp\/v2\/pages\/366\/revisions\/2353"}],"up":[{"embeddable":true,"href":"https:\/\/hotelrumbudapest.com\/hu\/wp-json\/wp\/v2\/pages\/578"}],"wp:attachment":[{"href":"https:\/\/hotelrumbudapest.com\/hu\/wp-json\/wp\/v2\/media?parent=366"}],"curies":[{"name":"wp","href":"https:\/\/api.w.org\/{rel}","templated":true}]}}