{"id":2689,"date":"2025-04-10T11:50:06","date_gmt":"2025-04-10T11:50:06","guid":{"rendered":"https:\/\/hotelrumbudapest.com\/?page_id=2689"},"modified":"2026-03-31T10:12:59","modified_gmt":"2026-03-31T10:12:59","slug":"summer","status":"publish","type":"page","link":"https:\/\/hotelrumbudapest.com\/hu\/ajanlatok\/summer\/","title":{"rendered":"SUMMER"},"content":{"rendered":"<p>[et_pb_section fb_built=&#8221;1&#8243; _builder_version=&#8221;4.23&#8243; _module_preset=&#8221;default&#8221; background_color=&#8221;#e4e3dd&#8221; custom_margin=&#8221;||||false|false&#8221; custom_padding=&#8221;|||0px||&#8221; custom_css_free_form=&#8221;#main-header {||    background: white;||  padding-bottom: 50px||}||||span.mobile_menu_bar:before{||  color: black !important;||}||||#logo {||    content: url(https:\/\/hotelrumbudapest.com\/wp-content\/uploads\/2023\/11\/Hotel-Rum-Budapest-logo.png) !important;||}||||@media only screen and (min-width: 980px) {||#logo {||    margin-top: -290px!important;||  width: 70px;||  padding-left: 0px !important;||  margin-left: 0px !important;||}||}||||@media only screen and (min-width: 980px) {||header#main-header.et-fixed-header #logo {||  max-width: 40px !important;||}||}||||.toolbox_menu1 #top-menu>li>a>span, .toolbox_menu1 .dtb-menu ul.et-menu>li>a>span {||    color: black !important;||}||||#top-menu>li.cta-item>a>span, .dtb-menu .et-menu>li.cta-item>a>span, .et-db #et-boc .et-l .dtb-menu .et_mobile_menu li.cta-item>a>span, #et-secondary-nav>li.cta-item>a>span {||    border: 3px solid black;||}||||#main-header.et-fixed-header {||    padding-bottom: 10px;||}||||@media (max-width:1435px) and (min-width:980px)||{.et-menu, nav#top-menu-nav, nav.et-menu-nav {||    margin-bottom: -3%;||\t}||#top-menu>li:nth-child(9) {||\t\tbottom:0%;||\t}||#page-container #main-header.et-fixed-header{||    padding-bottom: 3%;||  }||}||||#top-menu>li.cta-item>a>span, .dtb-menu .et-menu>li.cta-item>a>span, .et-db #et-boc .et-l .dtb-menu .et_mobile_menu li.cta-item>a>span, #et-secondary-nav>li.cta-item>a>span {||\t\tcolor: #000000!important;||}||||.menu-item.wpml-ls-slot-3:before {||  background: black;||}||||#top-menu>li:nth-child(9) span {||    border: 3px solid black;||}&#8221; da_disable_devices=&#8221;off|off|off&#8221; global_colors_info=&#8221;{}&#8221; da_is_popup=&#8221;off&#8221; da_exit_intent=&#8221;off&#8221; da_has_close=&#8221;on&#8221; da_alt_close=&#8221;off&#8221; da_dark_close=&#8221;off&#8221; da_not_modal=&#8221;on&#8221; da_is_singular=&#8221;off&#8221; da_with_loader=&#8221;off&#8221; da_has_shadow=&#8221;on&#8221;][et_pb_row _builder_version=&#8221;4.23&#8243; _module_preset=&#8221;default&#8221; width=&#8221;95%&#8221; max_width=&#8221;2560px&#8221; custom_margin=&#8221;30px||||false|false&#8221; global_colors_info=&#8221;{}&#8221;][et_pb_column type=&#8221;4_4&#8243; _builder_version=&#8221;4.23&#8243; _module_preset=&#8221;default&#8221; global_colors_info=&#8221;{}&#8221;][et_pb_text _builder_version=&#8221;4.27.5&#8243; _module_preset=&#8221;default&#8221; text_font=&#8221;ZonaPro Bold|600||on|||||&#8221; text_text_color=&#8221;#000000&#8243; text_font_size=&#8221;24px&#8221; text_letter_spacing=&#8221;3px&#8221; text_orientation=&#8221;center&#8221; custom_margin=&#8221;||10px||false|false&#8221; custom_padding=&#8221;||0px||false|false&#8221; hover_enabled=&#8221;0&#8243; global_colors_info=&#8221;{}&#8221; sticky_enabled=&#8221;0&#8243;]<\/p>\n<p>NY\u00c1RI KALANDOK<\/p>\n<p>[\/et_pb_text][et_pb_divider divider_weight=&#8221;6px&#8221; _builder_version=&#8221;4.23&#8243; _module_preset=&#8221;default&#8221; max_width=&#8221;16px&#8221; module_alignment=&#8221;center&#8221; global_colors_info=&#8221;{}&#8221;][\/et_pb_divider][\/et_pb_column][\/et_pb_row][et_pb_row column_structure=&#8221;1_2,1_2&#8243; _builder_version=&#8221;4.23&#8243; _module_preset=&#8221;default&#8221; locked=&#8221;off&#8221; global_colors_info=&#8221;{}&#8221;][et_pb_column type=&#8221;1_2&#8243; _builder_version=&#8221;4.23&#8243; _module_preset=&#8221;default&#8221; global_colors_info=&#8221;{}&#8221;][et_pb_image src=&#8221;https:\/\/hotelrumbudapest.com\/wp-content\/uploads\/2025\/04\/B8A9450-scaled.jpg&#8221; title_text=&#8221;_B8A9450&#8243; _builder_version=&#8221;4.27.5&#8243; _module_preset=&#8221;default&#8221; max_width_tablet=&#8221;100%&#8221; max_width_phone=&#8221;100%&#8221; max_width_last_edited=&#8221;on|phone&#8221; module_alignment=&#8221;right&#8221; module_alignment_tablet=&#8221;&#8221; module_alignment_phone=&#8221;&#8221; module_alignment_last_edited=&#8221;on|tablet&#8221; global_colors_info=&#8221;{}&#8221;][\/et_pb_image][\/et_pb_column][et_pb_column type=&#8221;1_2&#8243; _builder_version=&#8221;4.23&#8243; _module_preset=&#8221;default&#8221; global_colors_info=&#8221;{}&#8221;][et_pb_text _builder_version=&#8221;4.27.5&#8243; _module_preset=&#8221;default&#8221; text_font=&#8221;ZonaPro Regular||||||||&#8221; text_text_color=&#8221;#000000&#8243; custom_margin=&#8221;||3px|||&#8221; custom_padding=&#8221;||0px|||&#8221; global_colors_info=&#8221;{}&#8221;]<\/p>\n<p data-pm-slice=\"1 1 []\">Haszn\u00e1ld a <strong>SUMMER<\/strong> k\u00f3dot \u00e9s tervezd meg a t\u00f6k\u00e9letes ny\u00e1ri budapesti kikapcsol\u00f3d\u00e1st!<br \/>Foglalj sz\u00e1ll\u00e1st a ny\u00e1ri id\u0151szakra, \u00e9s \u00e9lvezd az extra kedvezm\u00e9nyeinket.<\/p>\n<p>[\/et_pb_text][et_pb_text _builder_version=&#8221;4.27.5&#8243; _module_preset=&#8221;default&#8221; text_font=&#8221;ZonaPro Regular||||||||&#8221; text_text_color=&#8221;#000000&#8243; custom_margin=&#8221;||3px|||&#8221; custom_padding=&#8221;||0px|||&#8221; global_colors_info=&#8221;{}&#8221;]<\/p>\n<div class=\"et_pb_module et_pb_text et_pb_text_2 et_pb_text_align_left et_pb_bg_layout_light\">\n<div class=\"et_pb_text_inner\">\n<div class=\"n4sEPd\">\n<div class=\"FFpbKc\">\n<div class=\"xMmqsf\">\n<p>Mer\u00fclj el Budapest ny\u00e1ri hangulat\u00e1ban, \u00e9s \u00e9rezd magad \u00fagy, mint egy igazi helyi lakos! Ne hagyd ki ezt a szezon\u00e1lis aj\u00e1nlatot, \u00e9s haszn\u00e1ld ki a ny\u00e1r minden pillanat\u00e1t.<\/p>\n<\/div>\n<\/div>\n<\/div>\n<\/div>\n<\/div>\n<div class=\"et_pb_module et_pb_text et_pb_text_3 et_pb_text_align_left et_pb_bg_layout_light\">\n<div class=\"et_pb_text_inner\">\u00a0<\/div>\n<\/div>\n<p>[\/et_pb_text][et_pb_text _builder_version=&#8221;4.27.5&#8243; _module_preset=&#8221;default&#8221; text_font=&#8221;ZonaPro Regular||||||||&#8221; text_text_color=&#8221;#000000&#8243; custom_margin=&#8221;||3px|||&#8221; custom_padding=&#8221;||0px|||&#8221; global_colors_info=&#8221;{}&#8221;]<\/p>\n<p class=\"\" data-start=\"467\" data-end=\"594\"><strong>Foglald le sz\u00e1ll\u00e1sod 2026.04.01-t\u0151l 2026 nyar\u00e1ra<\/strong> (2026.06.01-2026.08.31)\u00a0<\/p>\n<p class=\"\" data-start=\"596\" data-end=\"759\">Fontos: a kedvezm\u00e9nyk\u00f3d kiz\u00e1r\u00f3lag a weboldalon kereszt\u00fcl t\u00f6rt\u00e9n\u0151 foglal\u00e1s eset\u00e9n \u00e9rv\u00e9nyes\u00edthet\u0151. A fizet\u00e9s ut\u00e1n m\u00e1r nincs lehet\u0151s\u00e9g a k\u00f3d ut\u00f3lagos felhaszn\u00e1l\u00e1s\u00e1ra.<\/p>\n<p>[\/et_pb_text][et_pb_text _builder_version=&#8221;4.27.5&#8243; _module_preset=&#8221;default&#8221; text_font=&#8221;ZonaPro Regular||||||||&#8221; text_text_color=&#8221;#000000&#8243; custom_margin=&#8221;||3px|||&#8221; custom_padding=&#8221;||0px|||&#8221; global_colors_info=&#8221;{}&#8221;]<\/p>\n<p>Foglal\u00e1shoz kattints a \u2018FOGLAL\u00c1S\u2018 gombra \u00e9s haszn\u00e1ld <strong>\u2018SUMMER\u2018<\/strong> k\u00f3dot vagy \u00edrj a <a href=\"mailto:hello@hotelrumbudapest.com\">hello@hotelrumbudapest.com<\/a> c\u00edmen, \u00e9s a t\u00e1rgyban haszn\u00e1ld az <strong>SUMMER<\/strong> c\u00edmsz\u00f3t.<\/p>\n<p>&nbsp;<\/p>\n<p>[\/et_pb_text][et_pb_button button_url=&#8221;https:\/\/ibe.sabeeapp.com\/properties\/Hotel-Rum-Budapest-foglal%C3%A1s\/?p=bSpea148e49ab323597&#038;checkin=2024-08-16&#038;checkout=2024-08-17&#8243; url_new_window=&#8221;on&#8221; button_text=&#8221;FOGLAL\u00c1S&#8221; button_alignment=&#8221;left&#8221; _builder_version=&#8221;4.23&#8243; _module_preset=&#8221;default&#8221; custom_button=&#8221;on&#8221; button_text_size=&#8221;18px&#8221; button_text_color=&#8221;#FFFFFF&#8221; button_bg_color=&#8221;#000000&#8243; button_border_width=&#8221;5px&#8221; button_border_color=&#8221;#000000&#8243; button_border_radius=&#8221;0px&#8221; button_letter_spacing=&#8221;3px&#8221; button_font=&#8221;ZonaPro Regular|||on|||||&#8221; button_on_hover=&#8221;off&#8221; custom_padding=&#8221;|50px||30px|false|false&#8221; global_colors_info=&#8221;{}&#8221; button_bg_color__hover_enabled=&#8221;on|hover&#8221; button_bg_color__hover=&#8221;#FFFFFF&#8221; button_bg_enable_color__hover=&#8221;on&#8221; button_text_color__hover_enabled=&#8221;on|desktop&#8221; button_text_color__hover=&#8221;#000000&#8243;][\/et_pb_button][\/et_pb_column][\/et_pb_row][\/et_pb_section]<\/p>\n","protected":false},"excerpt":{"rendered":"<p>NY\u00c1RI KALANDOKHaszn\u00e1ld a SUMMER k\u00f3dot \u00e9s tervezd meg a t\u00f6k\u00e9letes ny\u00e1ri budapesti kikapcsol\u00f3d\u00e1st!Foglalj sz\u00e1ll\u00e1st a ny\u00e1ri id\u0151szakra, \u00e9s \u00e9lvezd az extra kedvezm\u00e9nyeinket. Mer\u00fclj el Budapest ny\u00e1ri hangulat\u00e1ban, \u00e9s \u00e9rezd magad \u00fagy, mint egy igazi helyi lakos! Ne hagyd ki ezt a szezon\u00e1lis aj\u00e1nlatot, \u00e9s haszn\u00e1ld ki a ny\u00e1r minden pillanat\u00e1t. \u00a0 Foglald le sz\u00e1ll\u00e1sod 2026.04.01-t\u0151l [&hellip;]<\/p>\n","protected":false},"author":4,"featured_media":0,"parent":1011,"menu_order":0,"comment_status":"closed","ping_status":"closed","template":"","meta":{"_et_pb_use_builder":"on","_et_pb_old_content":"","_et_gb_content_width":"","footnotes":""},"class_list":["post-2689","page","type-page","status-publish","hentry"],"yoast_head":"<!-- This site is optimized with the Yoast SEO plugin v26.8 - https:\/\/yoast.com\/product\/yoast-seo-wordpress\/ -->\n<title>SUMMER - Hotel Rum Budapest<\/title>\n<meta name=\"robots\" content=\"index, follow, max-snippet:-1, max-image-preview:large, max-video-preview:-1\" \/>\n<link rel=\"canonical\" href=\"https:\/\/hotelrumbudapest.com\/hu\/ajanlatok\/summer\/\" \/>\n<meta property=\"og:locale\" content=\"hu_HU\" \/>\n<meta property=\"og:type\" content=\"article\" \/>\n<meta property=\"og:title\" content=\"SUMMER - Hotel Rum Budapest\" \/>\n<meta property=\"og:description\" content=\"NY\u00c1RI KALANDOKHaszn\u00e1ld a SUMMER k\u00f3dot \u00e9s tervezd meg a t\u00f6k\u00e9letes ny\u00e1ri budapesti kikapcsol\u00f3d\u00e1st!Foglalj sz\u00e1ll\u00e1st a ny\u00e1ri id\u0151szakra, \u00e9s \u00e9lvezd az extra kedvezm\u00e9nyeinket. Mer\u00fclj el Budapest ny\u00e1ri hangulat\u00e1ban, \u00e9s \u00e9rezd magad \u00fagy, mint egy igazi helyi lakos! Ne hagyd ki ezt a szezon\u00e1lis aj\u00e1nlatot, \u00e9s haszn\u00e1ld ki a ny\u00e1r minden pillanat\u00e1t. \u00a0 Foglald le sz\u00e1ll\u00e1sod 2026.04.01-t\u0151l [&hellip;]\" \/>\n<meta property=\"og:url\" content=\"https:\/\/hotelrumbudapest.com\/hu\/ajanlatok\/summer\/\" \/>\n<meta property=\"og:site_name\" content=\"Hotel Rum Budapest\" \/>\n<meta property=\"article:modified_time\" content=\"2026-03-31T10:12:59+00:00\" \/>\n<meta name=\"twitter:card\" content=\"summary_large_image\" \/>\n<meta name=\"twitter:label1\" content=\"Becs\u00fclt olvas\u00e1si id\u0151\" \/>\n\t<meta name=\"twitter:data1\" content=\"1 perc\" \/>\n<script type=\"application\/ld+json\" class=\"yoast-schema-graph\">{\"@context\":\"https:\/\/schema.org\",\"@graph\":[{\"@type\":\"WebPage\",\"@id\":\"https:\/\/hotelrumbudapest.com\/hu\/ajanlatok\/summer\/\",\"url\":\"https:\/\/hotelrumbudapest.com\/hu\/ajanlatok\/summer\/\",\"name\":\"SUMMER - Hotel Rum Budapest\",\"isPartOf\":{\"@id\":\"https:\/\/hotelrumbudapest.com\/#website\"},\"datePublished\":\"2025-04-10T11:50:06+00:00\",\"dateModified\":\"2026-03-31T10:12:59+00:00\",\"breadcrumb\":{\"@id\":\"https:\/\/hotelrumbudapest.com\/hu\/ajanlatok\/summer\/#breadcrumb\"},\"inLanguage\":\"hu\",\"potentialAction\":[{\"@type\":\"ReadAction\",\"target\":[\"https:\/\/hotelrumbudapest.com\/hu\/ajanlatok\/summer\/\"]}]},{\"@type\":\"BreadcrumbList\",\"@id\":\"https:\/\/hotelrumbudapest.com\/hu\/ajanlatok\/summer\/#breadcrumb\",\"itemListElement\":[{\"@type\":\"ListItem\",\"position\":1,\"name\":\"Home\",\"item\":\"https:\/\/hotelrumbudapest.com\/hu\/\"},{\"@type\":\"ListItem\",\"position\":2,\"name\":\"PROM\u00d3CI\u00d3K &#038; CSOMAGOK\",\"item\":\"https:\/\/hotelrumbudapest.com\/hu\/ajanlatok\/\"},{\"@type\":\"ListItem\",\"position\":3,\"name\":\"SUMMER\"}]},{\"@type\":\"WebSite\",\"@id\":\"https:\/\/hotelrumbudapest.com\/#website\",\"url\":\"https:\/\/hotelrumbudapest.com\/\",\"name\":\"Hotel Rum Budapest\",\"description\":\"\",\"potentialAction\":[{\"@type\":\"SearchAction\",\"target\":{\"@type\":\"EntryPoint\",\"urlTemplate\":\"https:\/\/hotelrumbudapest.com\/?s={search_term_string}\"},\"query-input\":{\"@type\":\"PropertyValueSpecification\",\"valueRequired\":true,\"valueName\":\"search_term_string\"}}],\"inLanguage\":\"hu\"}]}<\/script>\n<!-- \/ Yoast SEO plugin. -->","yoast_head_json":{"title":"SUMMER - Hotel Rum Budapest","robots":{"index":"index","follow":"follow","max-snippet":"max-snippet:-1","max-image-preview":"max-image-preview:large","max-video-preview":"max-video-preview:-1"},"canonical":"https:\/\/hotelrumbudapest.com\/hu\/ajanlatok\/summer\/","og_locale":"hu_HU","og_type":"article","og_title":"SUMMER - Hotel Rum Budapest","og_description":"NY\u00c1RI KALANDOKHaszn\u00e1ld a SUMMER k\u00f3dot \u00e9s tervezd meg a t\u00f6k\u00e9letes ny\u00e1ri budapesti kikapcsol\u00f3d\u00e1st!Foglalj sz\u00e1ll\u00e1st a ny\u00e1ri id\u0151szakra, \u00e9s \u00e9lvezd az extra kedvezm\u00e9nyeinket. Mer\u00fclj el Budapest ny\u00e1ri hangulat\u00e1ban, \u00e9s \u00e9rezd magad \u00fagy, mint egy igazi helyi lakos! Ne hagyd ki ezt a szezon\u00e1lis aj\u00e1nlatot, \u00e9s haszn\u00e1ld ki a ny\u00e1r minden pillanat\u00e1t. \u00a0 Foglald le sz\u00e1ll\u00e1sod 2026.04.01-t\u0151l [&hellip;]","og_url":"https:\/\/hotelrumbudapest.com\/hu\/ajanlatok\/summer\/","og_site_name":"Hotel Rum Budapest","article_modified_time":"2026-03-31T10:12:59+00:00","twitter_card":"summary_large_image","twitter_misc":{"Becs\u00fclt olvas\u00e1si id\u0151":"1 perc"},"schema":{"@context":"https:\/\/schema.org","@graph":[{"@type":"WebPage","@id":"https:\/\/hotelrumbudapest.com\/hu\/ajanlatok\/summer\/","url":"https:\/\/hotelrumbudapest.com\/hu\/ajanlatok\/summer\/","name":"SUMMER - Hotel Rum Budapest","isPartOf":{"@id":"https:\/\/hotelrumbudapest.com\/#website"},"datePublished":"2025-04-10T11:50:06+00:00","dateModified":"2026-03-31T10:12:59+00:00","breadcrumb":{"@id":"https:\/\/hotelrumbudapest.com\/hu\/ajanlatok\/summer\/#breadcrumb"},"inLanguage":"hu","potentialAction":[{"@type":"ReadAction","target":["https:\/\/hotelrumbudapest.com\/hu\/ajanlatok\/summer\/"]}]},{"@type":"BreadcrumbList","@id":"https:\/\/hotelrumbudapest.com\/hu\/ajanlatok\/summer\/#breadcrumb","itemListElement":[{"@type":"ListItem","position":1,"name":"Home","item":"https:\/\/hotelrumbudapest.com\/hu\/"},{"@type":"ListItem","position":2,"name":"PROM\u00d3CI\u00d3K &#038; CSOMAGOK","item":"https:\/\/hotelrumbudapest.com\/hu\/ajanlatok\/"},{"@type":"ListItem","position":3,"name":"SUMMER"}]},{"@type":"WebSite","@id":"https:\/\/hotelrumbudapest.com\/#website","url":"https:\/\/hotelrumbudapest.com\/","name":"Hotel Rum Budapest","description":"","potentialAction":[{"@type":"SearchAction","target":{"@type":"EntryPoint","urlTemplate":"https:\/\/hotelrumbudapest.com\/?s={search_term_string}"},"query-input":{"@type":"PropertyValueSpecification","valueRequired":true,"valueName":"search_term_string"}}],"inLanguage":"hu"}]}},"_links":{"self":[{"href":"https:\/\/hotelrumbudapest.com\/hu\/wp-json\/wp\/v2\/pages\/2689","targetHints":{"allow":["GET"]}}],"collection":[{"href":"https:\/\/hotelrumbudapest.com\/hu\/wp-json\/wp\/v2\/pages"}],"about":[{"href":"https:\/\/hotelrumbudapest.com\/hu\/wp-json\/wp\/v2\/types\/page"}],"author":[{"embeddable":true,"href":"https:\/\/hotelrumbudapest.com\/hu\/wp-json\/wp\/v2\/users\/4"}],"replies":[{"embeddable":true,"href":"https:\/\/hotelrumbudapest.com\/hu\/wp-json\/wp\/v2\/comments?post=2689"}],"version-history":[{"count":9,"href":"https:\/\/hotelrumbudapest.com\/hu\/wp-json\/wp\/v2\/pages\/2689\/revisions"}],"predecessor-version":[{"id":2831,"href":"https:\/\/hotelrumbudapest.com\/hu\/wp-json\/wp\/v2\/pages\/2689\/revisions\/2831"}],"up":[{"embeddable":true,"href":"https:\/\/hotelrumbudapest.com\/hu\/wp-json\/wp\/v2\/pages\/1011"}],"wp:attachment":[{"href":"https:\/\/hotelrumbudapest.com\/hu\/wp-json\/wp\/v2\/media?parent=2689"}],"curies":[{"name":"wp","href":"https:\/\/api.w.org\/{rel}","templated":true}]}}