{"id":2553,"date":"2024-12-05T11:16:19","date_gmt":"2024-12-05T11:16:19","guid":{"rendered":"https:\/\/hotelrumbudapest.com\/?page_id=2553"},"modified":"2024-12-05T13:09:59","modified_gmt":"2024-12-05T13:09:59","slug":"ajandek-utalvany","status":"publish","type":"page","link":"https:\/\/hotelrumbudapest.com\/hu\/ajandek-utalvany\/","title":{"rendered":"AJ\u00c1ND\u00c9K UTALV\u00c1NY"},"content":{"rendered":"<p>[et_pb_section fb_built=&#8221;1&#8243; _builder_version=&#8221;4.23&#8243; _module_preset=&#8221;default&#8221; background_color=&#8221;#fbf7ef&#8221; custom_margin=&#8221;||||false|false&#8221; custom_padding=&#8221;|||0px||&#8221; da_disable_devices=&#8221;off|off|off&#8221; global_colors_info=&#8221;{}&#8221; da_is_popup=&#8221;off&#8221; da_exit_intent=&#8221;off&#8221; da_has_close=&#8221;on&#8221; da_alt_close=&#8221;off&#8221; da_dark_close=&#8221;off&#8221; da_not_modal=&#8221;on&#8221; da_is_singular=&#8221;off&#8221; da_with_loader=&#8221;off&#8221; da_has_shadow=&#8221;on&#8221;][et_pb_row _builder_version=&#8221;4.23&#8243; _module_preset=&#8221;default&#8221; width=&#8221;95%&#8221; max_width=&#8221;2560px&#8221; custom_margin=&#8221;30px||||false|false&#8221; global_colors_info=&#8221;{}&#8221;][et_pb_column type=&#8221;4_4&#8243; _builder_version=&#8221;4.23&#8243; _module_preset=&#8221;default&#8221; global_colors_info=&#8221;{}&#8221;][et_pb_text admin_label=&#8221;Text&#8221; _builder_version=&#8221;4.23&#8243; _module_preset=&#8221;default&#8221; text_font=&#8221;ZonaPro Bold|600||on|||||&#8221; text_text_color=&#8221;#000000&#8243; text_font_size=&#8221;24px&#8221; text_letter_spacing=&#8221;3px&#8221; text_orientation=&#8221;center&#8221; custom_margin=&#8221;||10px||false|false&#8221; custom_padding=&#8221;||0px||false|false&#8221; global_colors_info=&#8221;{}&#8221;]<\/p>\n<p>AJ\u00c1ND\u00c9K UTALV\u00c1NY<\/p>\n<p>[\/et_pb_text][et_pb_divider divider_weight=&#8221;6px&#8221; _builder_version=&#8221;4.23&#8243; _module_preset=&#8221;default&#8221; max_width=&#8221;16px&#8221; module_alignment=&#8221;center&#8221; global_colors_info=&#8221;{}&#8221;][\/et_pb_divider][\/et_pb_column][\/et_pb_row][et_pb_row column_structure=&#8221;1_2,1_2&#8243; _builder_version=&#8221;4.23&#8243; _module_preset=&#8221;default&#8221; locked=&#8221;off&#8221; global_colors_info=&#8221;{}&#8221;][et_pb_column type=&#8221;1_2&#8243; _builder_version=&#8221;4.23&#8243; _module_preset=&#8221;default&#8221; hover_enabled=&#8221;0&#8243; global_colors_info=&#8221;{}&#8221; sticky_enabled=&#8221;0&#8243;][et_pb_image src=&#8221;https:\/\/hotelrumbudapest.com\/wp-content\/uploads\/2024\/12\/RUM-Gift-Voucher-2.png&#8221; _builder_version=&#8221;4.23&#8243; _module_preset=&#8221;default&#8221; title_text=&#8221;RUM Gift Voucher &#8211; 2&#8243; hover_enabled=&#8221;0&#8243; sticky_enabled=&#8221;0&#8243; box_shadow_style=&#8221;preset1&#8243;][\/et_pb_image][\/et_pb_column][et_pb_column type=&#8221;1_2&#8243; _builder_version=&#8221;4.23&#8243; _module_preset=&#8221;default&#8221; global_colors_info=&#8221;{}&#8221;][et_pb_text _builder_version=&#8221;4.23&#8243; _module_preset=&#8221;default&#8221; text_font=&#8221;ZonaPro Regular||||||||&#8221; text_text_color=&#8221;#000000&#8243; custom_margin=&#8221;||3px|||&#8221; custom_padding=&#8221;||0px|||&#8221; global_colors_info=&#8221;{}&#8221;]<\/p>\n<p><strong>Aj\u00e1nd\u00e9kozd Budapest var\u00e1zs\u00e1t!<\/strong>\u00a0<\/p>\n<p>Lepd meg szeretteidet egy felejthetetlen budapesti kikapcsol\u00f3d\u00e1ssal a <strong>Hotel RUM Aj\u00e1nd\u00e9kk\u00e1rty\u00e1val<\/strong>!<\/p>\n<ul>\n<li>T\u00f6k\u00e9letes \u00fcnnepekre, \u00e9vfordul\u00f3kra vagy b\u00e1rmilyen k\u00fcl\u00f6nleges alkalomra<\/li>\n<li>Egyedi \u00f6sszeggel az alkalomhoz igaz\u00edtva<\/li>\n<li>Egy \u00e9vig \u00e9rv\u00e9nyes a v\u00e1s\u00e1rl\u00e1s napj\u00e1t\u00f3l<\/li>\n<li>Rugalmas \u00e9s szem\u00e9lyre szabott, hogy val\u00f3ra v\u00e1lthassa \u00e1lmai utaz\u00e1s\u00e1t<\/li>\n<\/ul>\n<p>Aj\u00e1nd\u00e9kozz meghitt \u00e9s \u00e9lettel teli budapesti \u00e9lm\u00e9nyt a <strong>Hotel RUM Aj\u00e1nd\u00e9kk\u00e1rty\u00e1val<\/strong>! V\u00e1s\u00e1rold meg most \u00e9s var\u00e1zsold eml\u00e9kezetess\u00e9 szeretteid k\u00f6vetkez\u0151 utaz\u00e1s\u00e1t.<\/p>\n<p>V\u00e1s\u00e1rl\u00e1shoz vedd fel vel\u00fcnk a kapcsolatot a <a rel=\"noopener\">hello@hotelrumbudapest.com<\/a> c\u00edmen\u00a0\u00e9s \u00edrd be a t\u00e1rgy mez\u0151be: <strong>AJ\u00c1ND\u00c9K UTALV\u00c1NY<\/strong><\/p>\n<p>[\/et_pb_text][et_pb_button button_url=&#8221;mailto:hello@hotelrumbudapest.com&#8221; button_text=&#8221;AJ\u00c9NDEK UTALV\u00c1NY&#8221; button_alignment=&#8221;left&#8221; _builder_version=&#8221;4.23&#8243; _module_preset=&#8221;default&#8221; custom_button=&#8221;on&#8221; button_text_size=&#8221;18px&#8221; button_text_color=&#8221;#FFFFFF&#8221; button_bg_color=&#8221;#000000&#8243; button_border_width=&#8221;5px&#8221; button_border_color=&#8221;#000000&#8243; button_border_radius=&#8221;0px&#8221; button_letter_spacing=&#8221;3px&#8221; button_font=&#8221;ZonaPro Regular|||on|||||&#8221; button_on_hover=&#8221;off&#8221; custom_padding=&#8221;|50px||30px|false|false&#8221; global_colors_info=&#8221;{}&#8221; button_bg_color__hover_enabled=&#8221;on|hover&#8221; button_bg_color__hover=&#8221;#FFFFFF&#8221; button_bg_enable_color__hover=&#8221;on&#8221; button_text_color__hover_enabled=&#8221;on|desktop&#8221; button_text_color__hover=&#8221;#000000&#8243;][\/et_pb_button][\/et_pb_column][\/et_pb_row][\/et_pb_section]<\/p>\n","protected":false},"excerpt":{"rendered":"<p>AJ\u00c1ND\u00c9K UTALV\u00c1NYAj\u00e1nd\u00e9kozd Budapest var\u00e1zs\u00e1t!\u00a0 Lepd meg szeretteidet egy felejthetetlen budapesti kikapcsol\u00f3d\u00e1ssal a Hotel RUM Aj\u00e1nd\u00e9kk\u00e1rty\u00e1val! T\u00f6k\u00e9letes \u00fcnnepekre, \u00e9vfordul\u00f3kra vagy b\u00e1rmilyen k\u00fcl\u00f6nleges alkalomra Egyedi \u00f6sszeggel az alkalomhoz igaz\u00edtva Egy \u00e9vig \u00e9rv\u00e9nyes a v\u00e1s\u00e1rl\u00e1s napj\u00e1t\u00f3l Rugalmas \u00e9s szem\u00e9lyre szabott, hogy val\u00f3ra v\u00e1lthassa \u00e1lmai utaz\u00e1s\u00e1t Aj\u00e1nd\u00e9kozz meghitt \u00e9s \u00e9lettel teli budapesti \u00e9lm\u00e9nyt a Hotel RUM Aj\u00e1nd\u00e9kk\u00e1rty\u00e1val! V\u00e1s\u00e1rold meg [&hellip;]<\/p>\n","protected":false},"author":4,"featured_media":0,"parent":0,"menu_order":0,"comment_status":"closed","ping_status":"closed","template":"","meta":{"_et_pb_use_builder":"on","_et_pb_old_content":"","_et_gb_content_width":"","footnotes":""},"class_list":["post-2553","page","type-page","status-publish","hentry"],"yoast_head":"<!-- This site is optimized with the Yoast SEO plugin v26.8 - https:\/\/yoast.com\/product\/yoast-seo-wordpress\/ -->\n<title>AJ\u00c1ND\u00c9K UTALV\u00c1NY - Hotel Rum Budapest<\/title>\n<meta name=\"robots\" content=\"index, follow, max-snippet:-1, max-image-preview:large, max-video-preview:-1\" \/>\n<link rel=\"canonical\" href=\"https:\/\/hotelrumbudapest.com\/hu\/ajandek-utalvany\/\" \/>\n<meta property=\"og:locale\" content=\"hu_HU\" \/>\n<meta property=\"og:type\" content=\"article\" \/>\n<meta property=\"og:title\" content=\"AJ\u00c1ND\u00c9K UTALV\u00c1NY - Hotel Rum Budapest\" \/>\n<meta property=\"og:description\" content=\"AJ\u00c1ND\u00c9K UTALV\u00c1NYAj\u00e1nd\u00e9kozd Budapest var\u00e1zs\u00e1t!\u00a0 Lepd meg szeretteidet egy felejthetetlen budapesti kikapcsol\u00f3d\u00e1ssal a Hotel RUM Aj\u00e1nd\u00e9kk\u00e1rty\u00e1val! T\u00f6k\u00e9letes \u00fcnnepekre, \u00e9vfordul\u00f3kra vagy b\u00e1rmilyen k\u00fcl\u00f6nleges alkalomra Egyedi \u00f6sszeggel az alkalomhoz igaz\u00edtva Egy \u00e9vig \u00e9rv\u00e9nyes a v\u00e1s\u00e1rl\u00e1s napj\u00e1t\u00f3l Rugalmas \u00e9s szem\u00e9lyre szabott, hogy val\u00f3ra v\u00e1lthassa \u00e1lmai utaz\u00e1s\u00e1t Aj\u00e1nd\u00e9kozz meghitt \u00e9s \u00e9lettel teli budapesti \u00e9lm\u00e9nyt a Hotel RUM Aj\u00e1nd\u00e9kk\u00e1rty\u00e1val! V\u00e1s\u00e1rold meg [&hellip;]\" \/>\n<meta property=\"og:url\" content=\"https:\/\/hotelrumbudapest.com\/hu\/ajandek-utalvany\/\" \/>\n<meta property=\"og:site_name\" content=\"Hotel Rum Budapest\" \/>\n<meta property=\"article:modified_time\" content=\"2024-12-05T13:09:59+00:00\" \/>\n<meta name=\"twitter:card\" content=\"summary_large_image\" \/>\n<meta name=\"twitter:label1\" content=\"Becs\u00fclt olvas\u00e1si id\u0151\" \/>\n\t<meta name=\"twitter:data1\" content=\"1 perc\" \/>\n<script type=\"application\/ld+json\" class=\"yoast-schema-graph\">{\"@context\":\"https:\/\/schema.org\",\"@graph\":[{\"@type\":\"WebPage\",\"@id\":\"https:\/\/hotelrumbudapest.com\/hu\/ajandek-utalvany\/\",\"url\":\"https:\/\/hotelrumbudapest.com\/hu\/ajandek-utalvany\/\",\"name\":\"AJ\u00c1ND\u00c9K UTALV\u00c1NY - Hotel Rum Budapest\",\"isPartOf\":{\"@id\":\"https:\/\/hotelrumbudapest.com\/#website\"},\"datePublished\":\"2024-12-05T11:16:19+00:00\",\"dateModified\":\"2024-12-05T13:09:59+00:00\",\"breadcrumb\":{\"@id\":\"https:\/\/hotelrumbudapest.com\/hu\/ajandek-utalvany\/#breadcrumb\"},\"inLanguage\":\"hu\",\"potentialAction\":[{\"@type\":\"ReadAction\",\"target\":[\"https:\/\/hotelrumbudapest.com\/hu\/ajandek-utalvany\/\"]}]},{\"@type\":\"BreadcrumbList\",\"@id\":\"https:\/\/hotelrumbudapest.com\/hu\/ajandek-utalvany\/#breadcrumb\",\"itemListElement\":[{\"@type\":\"ListItem\",\"position\":1,\"name\":\"Home\",\"item\":\"https:\/\/hotelrumbudapest.com\/hu\/\"},{\"@type\":\"ListItem\",\"position\":2,\"name\":\"AJ\u00c1ND\u00c9K UTALV\u00c1NY\"}]},{\"@type\":\"WebSite\",\"@id\":\"https:\/\/hotelrumbudapest.com\/#website\",\"url\":\"https:\/\/hotelrumbudapest.com\/\",\"name\":\"Hotel Rum Budapest\",\"description\":\"\",\"potentialAction\":[{\"@type\":\"SearchAction\",\"target\":{\"@type\":\"EntryPoint\",\"urlTemplate\":\"https:\/\/hotelrumbudapest.com\/?s={search_term_string}\"},\"query-input\":{\"@type\":\"PropertyValueSpecification\",\"valueRequired\":true,\"valueName\":\"search_term_string\"}}],\"inLanguage\":\"hu\"}]}<\/script>\n<!-- \/ Yoast SEO plugin. -->","yoast_head_json":{"title":"AJ\u00c1ND\u00c9K UTALV\u00c1NY - Hotel Rum Budapest","robots":{"index":"index","follow":"follow","max-snippet":"max-snippet:-1","max-image-preview":"max-image-preview:large","max-video-preview":"max-video-preview:-1"},"canonical":"https:\/\/hotelrumbudapest.com\/hu\/ajandek-utalvany\/","og_locale":"hu_HU","og_type":"article","og_title":"AJ\u00c1ND\u00c9K UTALV\u00c1NY - Hotel Rum Budapest","og_description":"AJ\u00c1ND\u00c9K UTALV\u00c1NYAj\u00e1nd\u00e9kozd Budapest var\u00e1zs\u00e1t!\u00a0 Lepd meg szeretteidet egy felejthetetlen budapesti kikapcsol\u00f3d\u00e1ssal a Hotel RUM Aj\u00e1nd\u00e9kk\u00e1rty\u00e1val! T\u00f6k\u00e9letes \u00fcnnepekre, \u00e9vfordul\u00f3kra vagy b\u00e1rmilyen k\u00fcl\u00f6nleges alkalomra Egyedi \u00f6sszeggel az alkalomhoz igaz\u00edtva Egy \u00e9vig \u00e9rv\u00e9nyes a v\u00e1s\u00e1rl\u00e1s napj\u00e1t\u00f3l Rugalmas \u00e9s szem\u00e9lyre szabott, hogy val\u00f3ra v\u00e1lthassa \u00e1lmai utaz\u00e1s\u00e1t Aj\u00e1nd\u00e9kozz meghitt \u00e9s \u00e9lettel teli budapesti \u00e9lm\u00e9nyt a Hotel RUM Aj\u00e1nd\u00e9kk\u00e1rty\u00e1val! V\u00e1s\u00e1rold meg [&hellip;]","og_url":"https:\/\/hotelrumbudapest.com\/hu\/ajandek-utalvany\/","og_site_name":"Hotel Rum Budapest","article_modified_time":"2024-12-05T13:09:59+00:00","twitter_card":"summary_large_image","twitter_misc":{"Becs\u00fclt olvas\u00e1si id\u0151":"1 perc"},"schema":{"@context":"https:\/\/schema.org","@graph":[{"@type":"WebPage","@id":"https:\/\/hotelrumbudapest.com\/hu\/ajandek-utalvany\/","url":"https:\/\/hotelrumbudapest.com\/hu\/ajandek-utalvany\/","name":"AJ\u00c1ND\u00c9K UTALV\u00c1NY - Hotel Rum Budapest","isPartOf":{"@id":"https:\/\/hotelrumbudapest.com\/#website"},"datePublished":"2024-12-05T11:16:19+00:00","dateModified":"2024-12-05T13:09:59+00:00","breadcrumb":{"@id":"https:\/\/hotelrumbudapest.com\/hu\/ajandek-utalvany\/#breadcrumb"},"inLanguage":"hu","potentialAction":[{"@type":"ReadAction","target":["https:\/\/hotelrumbudapest.com\/hu\/ajandek-utalvany\/"]}]},{"@type":"BreadcrumbList","@id":"https:\/\/hotelrumbudapest.com\/hu\/ajandek-utalvany\/#breadcrumb","itemListElement":[{"@type":"ListItem","position":1,"name":"Home","item":"https:\/\/hotelrumbudapest.com\/hu\/"},{"@type":"ListItem","position":2,"name":"AJ\u00c1ND\u00c9K UTALV\u00c1NY"}]},{"@type":"WebSite","@id":"https:\/\/hotelrumbudapest.com\/#website","url":"https:\/\/hotelrumbudapest.com\/","name":"Hotel Rum Budapest","description":"","potentialAction":[{"@type":"SearchAction","target":{"@type":"EntryPoint","urlTemplate":"https:\/\/hotelrumbudapest.com\/?s={search_term_string}"},"query-input":{"@type":"PropertyValueSpecification","valueRequired":true,"valueName":"search_term_string"}}],"inLanguage":"hu"}]}},"_links":{"self":[{"href":"https:\/\/hotelrumbudapest.com\/hu\/wp-json\/wp\/v2\/pages\/2553","targetHints":{"allow":["GET"]}}],"collection":[{"href":"https:\/\/hotelrumbudapest.com\/hu\/wp-json\/wp\/v2\/pages"}],"about":[{"href":"https:\/\/hotelrumbudapest.com\/hu\/wp-json\/wp\/v2\/types\/page"}],"author":[{"embeddable":true,"href":"https:\/\/hotelrumbudapest.com\/hu\/wp-json\/wp\/v2\/users\/4"}],"replies":[{"embeddable":true,"href":"https:\/\/hotelrumbudapest.com\/hu\/wp-json\/wp\/v2\/comments?post=2553"}],"version-history":[{"count":4,"href":"https:\/\/hotelrumbudapest.com\/hu\/wp-json\/wp\/v2\/pages\/2553\/revisions"}],"predecessor-version":[{"id":2563,"href":"https:\/\/hotelrumbudapest.com\/hu\/wp-json\/wp\/v2\/pages\/2553\/revisions\/2563"}],"wp:attachment":[{"href":"https:\/\/hotelrumbudapest.com\/hu\/wp-json\/wp\/v2\/media?parent=2553"}],"curies":[{"name":"wp","href":"https:\/\/api.w.org\/{rel}","templated":true}]}}