{"id":2233,"date":"2024-08-13T13:59:59","date_gmt":"2024-08-13T13:59:59","guid":{"rendered":"https:\/\/hotelrumbudapest.com\/?page_id=2233"},"modified":"2024-10-22T14:40:21","modified_gmt":"2024-10-22T14:40:21","slug":"weekday-special","status":"publish","type":"page","link":"https:\/\/hotelrumbudapest.com\/hu\/ajanlatok\/weekday-special\/","title":{"rendered":"WEEKDAY SPECIAL"},"content":{"rendered":"<p>[et_pb_section fb_built=&#8221;1&#8243; _builder_version=&#8221;4.23&#8243; _module_preset=&#8221;default&#8221; background_color=&#8221;#e4e3dd&#8221; custom_margin=&#8221;||||false|false&#8221; custom_padding=&#8221;|||0px||&#8221; da_disable_devices=&#8221;off|off|off&#8221; global_colors_info=&#8221;{}&#8221; da_is_popup=&#8221;off&#8221; da_exit_intent=&#8221;off&#8221; da_has_close=&#8221;on&#8221; da_alt_close=&#8221;off&#8221; da_dark_close=&#8221;off&#8221; da_not_modal=&#8221;on&#8221; da_is_singular=&#8221;off&#8221; da_with_loader=&#8221;off&#8221; da_has_shadow=&#8221;on&#8221;][et_pb_row _builder_version=&#8221;4.23&#8243; _module_preset=&#8221;default&#8221; width=&#8221;95%&#8221; max_width=&#8221;2560px&#8221; custom_margin=&#8221;30px||||false|false&#8221; global_colors_info=&#8221;{}&#8221;][et_pb_column type=&#8221;4_4&#8243; _builder_version=&#8221;4.23&#8243; _module_preset=&#8221;default&#8221; global_colors_info=&#8221;{}&#8221;][et_pb_text _builder_version=&#8221;4.23&#8243; _module_preset=&#8221;default&#8221; text_font=&#8221;ZonaPro Bold|600||on|||||&#8221; text_text_color=&#8221;#000000&#8243; text_font_size=&#8221;24px&#8221; text_letter_spacing=&#8221;3px&#8221; text_orientation=&#8221;center&#8221; custom_margin=&#8221;||10px||false|false&#8221; custom_padding=&#8221;||0px||false|false&#8221; global_colors_info=&#8221;{}&#8221;]<\/p>\n<p>WEEKDAY SPECIAL<\/p>\n<p>[\/et_pb_text][et_pb_divider divider_weight=&#8221;6px&#8221; _builder_version=&#8221;4.23&#8243; _module_preset=&#8221;default&#8221; max_width=&#8221;16px&#8221; module_alignment=&#8221;center&#8221; global_colors_info=&#8221;{}&#8221;][\/et_pb_divider][\/et_pb_column][\/et_pb_row][et_pb_row column_structure=&#8221;1_2,1_2&#8243; _builder_version=&#8221;4.23&#8243; _module_preset=&#8221;default&#8221; locked=&#8221;off&#8221; global_colors_info=&#8221;{}&#8221;][et_pb_column type=&#8221;1_2&#8243; _builder_version=&#8221;4.23&#8243; _module_preset=&#8221;default&#8221; hover_enabled=&#8221;0&#8243; global_colors_info=&#8221;{}&#8221; sticky_enabled=&#8221;0&#8243;][et_pb_image src=&#8221;https:\/\/hotelrumbudapest.com\/wp-content\/uploads\/2024\/10\/IMG_3478-scaled.jpg&#8221; title_text=&#8221;IMG_3478&#8243; _builder_version=&#8221;4.23&#8243; _module_preset=&#8221;default&#8221; max_width=&#8221;70%&#8221; max_width_tablet=&#8221;100%&#8221; max_width_phone=&#8221;100%&#8221; max_width_last_edited=&#8221;on|phone&#8221; module_alignment=&#8221;right&#8221; hover_enabled=&#8221;0&#8243; module_alignment_tablet=&#8221;&#8221; module_alignment_phone=&#8221;&#8221; module_alignment_last_edited=&#8221;on|tablet&#8221; global_colors_info=&#8221;{}&#8221; sticky_enabled=&#8221;0&#8243;][\/et_pb_image][\/et_pb_column][et_pb_column type=&#8221;1_2&#8243; _builder_version=&#8221;4.23&#8243; _module_preset=&#8221;default&#8221; global_colors_info=&#8221;{}&#8221;][et_pb_text _builder_version=&#8221;4.23&#8243; _module_preset=&#8221;default&#8221; text_font=&#8221;ZonaPro Regular||||||||&#8221; text_text_color=&#8221;#000000&#8243; custom_margin=&#8221;||3px|||&#8221; custom_padding=&#8221;||0px|||&#8221; global_colors_info=&#8221;{}&#8221;]<\/p>\n<div class=\"et_pb_module et_pb_text et_pb_text_2 et_pb_text_align_left et_pb_bg_layout_light\">\n<div class=\"et_pb_text_inner\">\n<div class=\"n4sEPd\">\n<div class=\"FFpbKc\">\n<div class=\"xMmqsf\">Csobbanj bele az \u00fcnnepi szezonba Budapesten! Tekintse meg h\u00e9tk\u00f6znapi akci\u00f3nkat \u00e9s vegye c\u00e9lba a k\u00f6vetkez\u0151 \u00fati c\u00e9lj\u00e1t!<\/div>\n<\/div>\n<\/div>\n<\/div>\n<\/div>\n<div class=\"et_pb_module et_pb_text et_pb_text_3 et_pb_text_align_left et_pb_bg_layout_light\">\n<div class=\"et_pb_text_inner\">\u00a0<\/div>\n<\/div>\n<p>[\/et_pb_text][et_pb_text _builder_version=&#8221;4.23&#8243; _module_preset=&#8221;default&#8221; text_font=&#8221;ZonaPro Regular||||||||&#8221; text_text_color=&#8221;#000000&#8243; custom_margin=&#8221;||3px|||&#8221; custom_padding=&#8221;||0px|||&#8221; global_colors_info=&#8221;{}&#8221;]<\/p>\n<div class=\"et_pb_module et_pb_text et_pb_text_2 et_pb_text_align_left et_pb_bg_layout_light\">\n<div class=\"et_pb_text_inner\">\n<div class=\"n4sEPd\">\n<div class=\"FFpbKc\">\n<div class=\"xMmqsf\">\n<p>Siess \u00e9s foglald le butikszob\u00e1ink egyik\u00e9t m\u00e1r<\/p>\n<p><strong>80 EUR \/ \u00e9jszaka <\/strong>\u00e1rt\u00f3l.<\/p>\n<p>A felt\u00fcntetett \u00e1r vas\u00e1rnapt\u00f3l h\u00e9tf\u0151ig foglalhat\u00f3 \u00e9s a szoba d\u00edjat tartalmazza 2 f\u0151 r\u00e9sz\u00e9re.\u00a0<\/p>\n<\/div>\n<\/div>\n<\/div>\n<\/div>\n<\/div>\n<div class=\"et_pb_module et_pb_text et_pb_text_3 et_pb_text_align_left et_pb_bg_layout_light\">\n<div class=\"et_pb_text_inner\">\u00a0<\/div>\n<\/div>\n<p>[\/et_pb_text][et_pb_text _builder_version=&#8221;4.23&#8243; _module_preset=&#8221;default&#8221; text_font=&#8221;ZonaPro Regular||||||||&#8221; text_text_color=&#8221;#000000&#8243; custom_margin=&#8221;||3px|||&#8221; custom_padding=&#8221;||0px|||&#8221; global_colors_info=&#8221;{}&#8221;]<\/p>\n<p>Foglal\u00e1shoz kattints a <strong>FOGLAL\u00c1S <\/strong>gombra \u00e9s haszn\u00e1ld \u2018<strong>WEEKDAY<\/strong>\u2018 k\u00f3dot.<\/p>\n<p>K\u00e9rj\u00fck vegye figyelembe, hogy a k\u00f3dot kiz\u00e1r\u00f3lag az internetes foglal\u00e1s sor\u00e1n \u00e9rv\u00e9nyes\u00edtheti. A foglal\u00e1s v\u00e9gleges\u00edt\u00e9se ut\u00e1n nem \u00e1ll m\u00f3dunkban felhaszn\u00e1lni a kedvezm\u00e9nyt.<\/p>\n<p>&nbsp;<\/p>\n<p>[\/et_pb_text][et_pb_text _builder_version=&#8221;4.23&#8243; _module_preset=&#8221;default&#8221; text_font=&#8221;ZonaPro Regular||||||||&#8221; text_text_color=&#8221;#000000&#8243; custom_margin=&#8221;||3px|||&#8221; custom_padding=&#8221;||0px|||&#8221; global_colors_info=&#8221;{}&#8221;]<\/p>\n<p>A kuponk\u00f3ddal 2024.12.28-ig lehet foglalni.<\/p>\n<p>&nbsp;<\/p>\n<p>[\/et_pb_text][et_pb_button button_url=&#8221;https:\/\/ibe.sabeeapp.com\/properties\/Hotel-Rum-Budapest-foglal%C3%A1s\/?p=bSpea148e49ab323597&#038;checkin=2024-08-16&#038;checkout=2024-08-17&#8243; url_new_window=&#8221;on&#8221; button_text=&#8221;FOGLAL\u00c1S&#8221; button_alignment=&#8221;left&#8221; _builder_version=&#8221;4.23&#8243; _module_preset=&#8221;default&#8221; custom_button=&#8221;on&#8221; button_text_size=&#8221;18px&#8221; button_text_color=&#8221;#FFFFFF&#8221; button_bg_color=&#8221;#000000&#8243; button_border_width=&#8221;5px&#8221; button_border_color=&#8221;#000000&#8243; button_border_radius=&#8221;0px&#8221; button_letter_spacing=&#8221;3px&#8221; button_font=&#8221;ZonaPro Regular|||on|||||&#8221; button_on_hover=&#8221;off&#8221; custom_padding=&#8221;|50px||30px|false|false&#8221; global_colors_info=&#8221;{}&#8221; button_bg_color__hover_enabled=&#8221;on|hover&#8221; button_bg_color__hover=&#8221;#FFFFFF&#8221; button_bg_enable_color__hover=&#8221;on&#8221; button_text_color__hover_enabled=&#8221;on|desktop&#8221; button_text_color__hover=&#8221;#000000&#8243;][\/et_pb_button][\/et_pb_column][\/et_pb_row][\/et_pb_section]<\/p>\n","protected":false},"excerpt":{"rendered":"<p>WEEKDAY SPECIAL Csobbanj bele az \u00fcnnepi szezonba Budapesten! Tekintse meg h\u00e9tk\u00f6znapi akci\u00f3nkat \u00e9s vegye c\u00e9lba a k\u00f6vetkez\u0151 \u00fati c\u00e9lj\u00e1t! \u00a0 Siess \u00e9s foglald le butikszob\u00e1ink egyik\u00e9t m\u00e1r 80 EUR \/ \u00e9jszaka \u00e1rt\u00f3l. A felt\u00fcntetett \u00e1r vas\u00e1rnapt\u00f3l h\u00e9tf\u0151ig foglalhat\u00f3 \u00e9s a szoba d\u00edjat tartalmazza 2 f\u0151 r\u00e9sz\u00e9re.\u00a0 \u00a0 Foglal\u00e1shoz kattints a FOGLAL\u00c1S gombra \u00e9s haszn\u00e1ld \u2018WEEKDAY\u2018 [&hellip;]<\/p>\n","protected":false},"author":4,"featured_media":0,"parent":1011,"menu_order":0,"comment_status":"closed","ping_status":"closed","template":"","meta":{"_et_pb_use_builder":"on","_et_pb_old_content":"","_et_gb_content_width":"","footnotes":""},"class_list":["post-2233","page","type-page","status-publish","hentry"],"yoast_head":"<!-- This site is optimized with the Yoast SEO plugin v27.4 - https:\/\/yoast.com\/product\/yoast-seo-wordpress\/ -->\n<title>WEEKDAY SPECIAL - Hotel Rum Budapest<\/title>\n<meta name=\"robots\" content=\"index, follow, max-snippet:-1, max-image-preview:large, max-video-preview:-1\" \/>\n<link rel=\"canonical\" href=\"https:\/\/hotelrumbudapest.com\/hu\/ajanlatok\/weekday-special\/\" \/>\n<meta property=\"og:locale\" content=\"hu_HU\" \/>\n<meta property=\"og:type\" content=\"article\" \/>\n<meta property=\"og:title\" content=\"WEEKDAY SPECIAL - Hotel Rum Budapest\" \/>\n<meta property=\"og:description\" content=\"WEEKDAY SPECIAL Csobbanj bele az \u00fcnnepi szezonba Budapesten! Tekintse meg h\u00e9tk\u00f6znapi akci\u00f3nkat \u00e9s vegye c\u00e9lba a k\u00f6vetkez\u0151 \u00fati c\u00e9lj\u00e1t! \u00a0 Siess \u00e9s foglald le butikszob\u00e1ink egyik\u00e9t m\u00e1r 80 EUR \/ \u00e9jszaka \u00e1rt\u00f3l. A felt\u00fcntetett \u00e1r vas\u00e1rnapt\u00f3l h\u00e9tf\u0151ig foglalhat\u00f3 \u00e9s a szoba d\u00edjat tartalmazza 2 f\u0151 r\u00e9sz\u00e9re.\u00a0 \u00a0 Foglal\u00e1shoz kattints a FOGLAL\u00c1S gombra \u00e9s haszn\u00e1ld \u2018WEEKDAY\u2018 [&hellip;]\" \/>\n<meta property=\"og:url\" content=\"https:\/\/hotelrumbudapest.com\/hu\/ajanlatok\/weekday-special\/\" \/>\n<meta property=\"og:site_name\" content=\"Hotel Rum Budapest\" \/>\n<meta property=\"article:modified_time\" content=\"2024-10-22T14:40:21+00:00\" \/>\n<meta name=\"twitter:card\" content=\"summary_large_image\" \/>\n<meta name=\"twitter:label1\" content=\"Becs\u00fclt olvas\u00e1si id\u0151\" \/>\n\t<meta name=\"twitter:data1\" content=\"1 perc\" \/>\n<script type=\"application\/ld+json\" class=\"yoast-schema-graph\">{\"@context\":\"https:\\\/\\\/schema.org\",\"@graph\":[{\"@type\":\"WebPage\",\"@id\":\"https:\\\/\\\/hotelrumbudapest.com\\\/hu\\\/ajanlatok\\\/weekday-special\\\/\",\"url\":\"https:\\\/\\\/hotelrumbudapest.com\\\/hu\\\/ajanlatok\\\/weekday-special\\\/\",\"name\":\"WEEKDAY SPECIAL - Hotel Rum Budapest\",\"isPartOf\":{\"@id\":\"https:\\\/\\\/hotelrumbudapest.com\\\/#website\"},\"datePublished\":\"2024-08-13T13:59:59+00:00\",\"dateModified\":\"2024-10-22T14:40:21+00:00\",\"breadcrumb\":{\"@id\":\"https:\\\/\\\/hotelrumbudapest.com\\\/hu\\\/ajanlatok\\\/weekday-special\\\/#breadcrumb\"},\"inLanguage\":\"hu\",\"potentialAction\":[{\"@type\":\"ReadAction\",\"target\":[\"https:\\\/\\\/hotelrumbudapest.com\\\/hu\\\/ajanlatok\\\/weekday-special\\\/\"]}]},{\"@type\":\"BreadcrumbList\",\"@id\":\"https:\\\/\\\/hotelrumbudapest.com\\\/hu\\\/ajanlatok\\\/weekday-special\\\/#breadcrumb\",\"itemListElement\":[{\"@type\":\"ListItem\",\"position\":1,\"name\":\"Home\",\"item\":\"https:\\\/\\\/hotelrumbudapest.com\\\/hu\\\/\"},{\"@type\":\"ListItem\",\"position\":2,\"name\":\"PROM\u00d3CI\u00d3K &#038; CSOMAGOK\",\"item\":\"https:\\\/\\\/hotelrumbudapest.com\\\/hu\\\/ajanlatok\\\/\"},{\"@type\":\"ListItem\",\"position\":3,\"name\":\"WEEKDAY SPECIAL\"}]},{\"@type\":\"WebSite\",\"@id\":\"https:\\\/\\\/hotelrumbudapest.com\\\/#website\",\"url\":\"https:\\\/\\\/hotelrumbudapest.com\\\/\",\"name\":\"Hotel Rum Budapest\",\"description\":\"\",\"potentialAction\":[{\"@type\":\"SearchAction\",\"target\":{\"@type\":\"EntryPoint\",\"urlTemplate\":\"https:\\\/\\\/hotelrumbudapest.com\\\/?s={search_term_string}\"},\"query-input\":{\"@type\":\"PropertyValueSpecification\",\"valueRequired\":true,\"valueName\":\"search_term_string\"}}],\"inLanguage\":\"hu\"}]}<\/script>\n<!-- \/ Yoast SEO plugin. -->","yoast_head_json":{"title":"WEEKDAY SPECIAL - Hotel Rum Budapest","robots":{"index":"index","follow":"follow","max-snippet":"max-snippet:-1","max-image-preview":"max-image-preview:large","max-video-preview":"max-video-preview:-1"},"canonical":"https:\/\/hotelrumbudapest.com\/hu\/ajanlatok\/weekday-special\/","og_locale":"hu_HU","og_type":"article","og_title":"WEEKDAY SPECIAL - Hotel Rum Budapest","og_description":"WEEKDAY SPECIAL Csobbanj bele az \u00fcnnepi szezonba Budapesten! Tekintse meg h\u00e9tk\u00f6znapi akci\u00f3nkat \u00e9s vegye c\u00e9lba a k\u00f6vetkez\u0151 \u00fati c\u00e9lj\u00e1t! \u00a0 Siess \u00e9s foglald le butikszob\u00e1ink egyik\u00e9t m\u00e1r 80 EUR \/ \u00e9jszaka \u00e1rt\u00f3l. A felt\u00fcntetett \u00e1r vas\u00e1rnapt\u00f3l h\u00e9tf\u0151ig foglalhat\u00f3 \u00e9s a szoba d\u00edjat tartalmazza 2 f\u0151 r\u00e9sz\u00e9re.\u00a0 \u00a0 Foglal\u00e1shoz kattints a FOGLAL\u00c1S gombra \u00e9s haszn\u00e1ld \u2018WEEKDAY\u2018 [&hellip;]","og_url":"https:\/\/hotelrumbudapest.com\/hu\/ajanlatok\/weekday-special\/","og_site_name":"Hotel Rum Budapest","article_modified_time":"2024-10-22T14:40:21+00:00","twitter_card":"summary_large_image","twitter_misc":{"Becs\u00fclt olvas\u00e1si id\u0151":"1 perc"},"schema":{"@context":"https:\/\/schema.org","@graph":[{"@type":"WebPage","@id":"https:\/\/hotelrumbudapest.com\/hu\/ajanlatok\/weekday-special\/","url":"https:\/\/hotelrumbudapest.com\/hu\/ajanlatok\/weekday-special\/","name":"WEEKDAY SPECIAL - Hotel Rum Budapest","isPartOf":{"@id":"https:\/\/hotelrumbudapest.com\/#website"},"datePublished":"2024-08-13T13:59:59+00:00","dateModified":"2024-10-22T14:40:21+00:00","breadcrumb":{"@id":"https:\/\/hotelrumbudapest.com\/hu\/ajanlatok\/weekday-special\/#breadcrumb"},"inLanguage":"hu","potentialAction":[{"@type":"ReadAction","target":["https:\/\/hotelrumbudapest.com\/hu\/ajanlatok\/weekday-special\/"]}]},{"@type":"BreadcrumbList","@id":"https:\/\/hotelrumbudapest.com\/hu\/ajanlatok\/weekday-special\/#breadcrumb","itemListElement":[{"@type":"ListItem","position":1,"name":"Home","item":"https:\/\/hotelrumbudapest.com\/hu\/"},{"@type":"ListItem","position":2,"name":"PROM\u00d3CI\u00d3K &#038; CSOMAGOK","item":"https:\/\/hotelrumbudapest.com\/hu\/ajanlatok\/"},{"@type":"ListItem","position":3,"name":"WEEKDAY SPECIAL"}]},{"@type":"WebSite","@id":"https:\/\/hotelrumbudapest.com\/#website","url":"https:\/\/hotelrumbudapest.com\/","name":"Hotel Rum Budapest","description":"","potentialAction":[{"@type":"SearchAction","target":{"@type":"EntryPoint","urlTemplate":"https:\/\/hotelrumbudapest.com\/?s={search_term_string}"},"query-input":{"@type":"PropertyValueSpecification","valueRequired":true,"valueName":"search_term_string"}}],"inLanguage":"hu"}]}},"_links":{"self":[{"href":"https:\/\/hotelrumbudapest.com\/hu\/wp-json\/wp\/v2\/pages\/2233","targetHints":{"allow":["GET"]}}],"collection":[{"href":"https:\/\/hotelrumbudapest.com\/hu\/wp-json\/wp\/v2\/pages"}],"about":[{"href":"https:\/\/hotelrumbudapest.com\/hu\/wp-json\/wp\/v2\/types\/page"}],"author":[{"embeddable":true,"href":"https:\/\/hotelrumbudapest.com\/hu\/wp-json\/wp\/v2\/users\/4"}],"replies":[{"embeddable":true,"href":"https:\/\/hotelrumbudapest.com\/hu\/wp-json\/wp\/v2\/comments?post=2233"}],"version-history":[{"count":22,"href":"https:\/\/hotelrumbudapest.com\/hu\/wp-json\/wp\/v2\/pages\/2233\/revisions"}],"predecessor-version":[{"id":2505,"href":"https:\/\/hotelrumbudapest.com\/hu\/wp-json\/wp\/v2\/pages\/2233\/revisions\/2505"}],"up":[{"embeddable":true,"href":"https:\/\/hotelrumbudapest.com\/hu\/wp-json\/wp\/v2\/pages\/1011"}],"wp:attachment":[{"href":"https:\/\/hotelrumbudapest.com\/hu\/wp-json\/wp\/v2\/media?parent=2233"}],"curies":[{"name":"wp","href":"https:\/\/api.w.org\/{rel}","templated":true}]}}