{"id":2108,"date":"2024-04-05T09:24:55","date_gmt":"2024-04-05T09:24:55","guid":{"rendered":"https:\/\/hotelrumbudapest.com\/?page_id=2108"},"modified":"2024-10-07T15:12:09","modified_gmt":"2024-10-07T15:12:09","slug":"dunai-hajo","status":"publish","type":"page","link":"https:\/\/hotelrumbudapest.com\/hu\/ajanlatok\/dunai-hajo\/","title":{"rendered":"DUNAI HAJ\u00d3Z\u00c1S"},"content":{"rendered":"<p>[et_pb_section fb_built=&#8221;1&#8243; _builder_version=&#8221;4.23&#8243; _module_preset=&#8221;default&#8221; background_color=&#8221;#fbf7ef&#8221; custom_margin=&#8221;||||false|false&#8221; custom_padding=&#8221;|||0px||&#8221; hover_enabled=&#8221;0&#8243; da_disable_devices=&#8221;off|off|off&#8221; global_colors_info=&#8221;{}&#8221; sticky_enabled=&#8221;0&#8243; da_is_popup=&#8221;off&#8221; da_exit_intent=&#8221;off&#8221; da_has_close=&#8221;on&#8221; da_alt_close=&#8221;off&#8221; da_dark_close=&#8221;off&#8221; da_not_modal=&#8221;on&#8221; da_is_singular=&#8221;off&#8221; da_with_loader=&#8221;off&#8221; da_has_shadow=&#8221;on&#8221;][et_pb_row _builder_version=&#8221;4.23&#8243; _module_preset=&#8221;default&#8221; width=&#8221;95%&#8221; max_width=&#8221;2560px&#8221; custom_margin=&#8221;30px||||false|false&#8221; global_colors_info=&#8221;{}&#8221;][et_pb_column type=&#8221;4_4&#8243; _builder_version=&#8221;4.23&#8243; _module_preset=&#8221;default&#8221; global_colors_info=&#8221;{}&#8221;][et_pb_text _builder_version=&#8221;4.23&#8243; _module_preset=&#8221;default&#8221; text_font=&#8221;ZonaPro Bold|600||on|||||&#8221; text_text_color=&#8221;#000000&#8243; text_font_size=&#8221;24px&#8221; text_letter_spacing=&#8221;3px&#8221; text_orientation=&#8221;center&#8221; custom_margin=&#8221;||10px||false|false&#8221; custom_padding=&#8221;||0px||false|false&#8221; global_colors_info=&#8221;{}&#8221;]<\/p>\n<p>DUNAI S\u00c9TAHAJ\u00d3Z\u00c1S<\/p>\n<p>[\/et_pb_text][et_pb_divider divider_weight=&#8221;6px&#8221; _builder_version=&#8221;4.23&#8243; _module_preset=&#8221;default&#8221; max_width=&#8221;16px&#8221; module_alignment=&#8221;center&#8221; global_colors_info=&#8221;{}&#8221;][\/et_pb_divider][\/et_pb_column][\/et_pb_row][et_pb_row column_structure=&#8221;1_2,1_2&#8243; _builder_version=&#8221;4.23&#8243; _module_preset=&#8221;default&#8221; locked=&#8221;off&#8221; global_colors_info=&#8221;{}&#8221;][et_pb_column type=&#8221;1_2&#8243; _builder_version=&#8221;4.23&#8243; _module_preset=&#8221;default&#8221; global_colors_info=&#8221;{}&#8221;][et_pb_image src=&#8221;https:\/\/hotelrumbudapest.com\/wp-content\/uploads\/2024\/05\/dubarama.jpg&#8221; title_text=&#8221;dubarama&#8221; _builder_version=&#8221;4.23&#8243; _module_preset=&#8221;default&#8221; max_width=&#8221;60%&#8221; max_width_tablet=&#8221;100%&#8221; max_width_phone=&#8221;100%&#8221; max_width_last_edited=&#8221;on|phone&#8221; module_alignment=&#8221;right&#8221; module_alignment_tablet=&#8221;&#8221; module_alignment_phone=&#8221;&#8221; module_alignment_last_edited=&#8221;on|tablet&#8221; global_colors_info=&#8221;{}&#8221;][\/et_pb_image][\/et_pb_column][et_pb_column type=&#8221;1_2&#8243; _builder_version=&#8221;4.23&#8243; _module_preset=&#8221;default&#8221; global_colors_info=&#8221;{}&#8221;][et_pb_text _builder_version=&#8221;4.23&#8243; _module_preset=&#8221;default&#8221; text_font=&#8221;ZonaPro Regular||||||||&#8221; text_text_color=&#8221;#000000&#8243; custom_margin=&#8221;||3px|||&#8221; custom_padding=&#8221;||0px|||&#8221; global_colors_info=&#8221;{}&#8221;]<\/p>\n<p>Foglald le a v\u00e1rosi kiruccan\u00e1sodat a Rumban \u00e9s kapcsol\u00f3dj ki mik\u00f6zben a fest\u0151i Dun\u00e1n haj\u00f3k\u00e1zol.<\/p>\n<p>&nbsp;<\/p>\n<p>[\/et_pb_text][et_pb_text _builder_version=&#8221;4.23&#8243; _module_preset=&#8221;default&#8221; text_font=&#8221;ZonaPro Regular||||||||&#8221; text_text_color=&#8221;#000000&#8243; custom_margin=&#8221;||3px|||&#8221; custom_padding=&#8221;||0px|||&#8221; global_colors_info=&#8221;{}&#8221;]<\/p>\n<p>\u00c9lvezze Budapest leny\u0171g\u00f6z\u0151 panor\u00e1m\u00e1j\u00e1t \u00e9s ismerje meg a v\u00e1ros csod\u00e1s t\u00f6rt\u00e9nelm\u00e9t mik\u00f6zben a Dun\u00e1n haj\u00f3zik.\u00a0 V\u00e1lasszon megannyi lehet\u0151s\u00e9gek k\u00f6z\u00fcl \u00e9s tal\u00e1lja meg az \u00d6nnek legmegfelel\u0151bb opci\u00f3t.\u00a0<\/p>\n<p>[\/et_pb_text][et_pb_text _builder_version=&#8221;4.23&#8243; _module_preset=&#8221;default&#8221; text_font=&#8221;ZonaPro Regular||||||||&#8221; text_text_color=&#8221;#000000&#8243; custom_margin=&#8221;||3px|||&#8221; custom_padding=&#8221;||0px|||&#8221; global_colors_info=&#8221;{}&#8221;]<\/p>\n<p>Tov\u00e1bbi inform\u00e1ci\u00f3\u00e9rt, k\u00fcl\u00f6nleges aj\u00e1nlatok\u00e9rt \u00e9s jegyek\u00e9rt forduljon recepci\u00f3s csapatunkhoz! Munkat\u00e1rsaink \u00f6r\u00f6mmel \u00e1llnak rendelkez\u00e9s\u00e9re, \u00e9s minden sz\u00fcks\u00e9ges inform\u00e1ci\u00f3t megadnak programjainkkal kapcsolatban.<\/p>\n<p>&nbsp;<\/p>\n<p>[\/et_pb_text][et_pb_text _builder_version=&#8221;4.23&#8243; _module_preset=&#8221;default&#8221; text_font=&#8221;ZonaPro Regular||||||||&#8221; text_text_color=&#8221;#000000&#8243; custom_margin=&#8221;||3px|||&#8221; custom_padding=&#8221;||0px|||&#8221; global_colors_info=&#8221;{}&#8221;]<\/p>\n<p>Szobafoglal\u00e1s c\u00e9lj\u00e1b\u00f3l kattints a\u00a0<strong>\u2018FOGLAL\u00c1S\u2019<\/strong>\u00a0gombra vagy vedd fel vel\u00fcnk a kapcsolatot a\u00a0<strong><a href=\"mailto:hello@hotelginbudapest.com\">hello@hotelrumbudapest.com<\/a><\/strong>\u00a0c\u00edmen.<\/p>\n<p>&nbsp;<\/p>\n<p>[\/et_pb_text][et_pb_button button_url=&#8221;https:\/\/ibe.sabeeapp.com\/properties\/Hotel-Rum-Budapest-foglal%C3%A1s\/?p=bSpea148e49ab323597&#038;checkin=2024-08-16&#038;checkout=2024-08-17&#8243; url_new_window=&#8221;on&#8221; button_text=&#8221;FOGLAL\u00c1S&#8221; button_alignment=&#8221;left&#8221; _builder_version=&#8221;4.23&#8243; _module_preset=&#8221;default&#8221; custom_button=&#8221;on&#8221; button_text_size=&#8221;18px&#8221; button_text_color=&#8221;#FFFFFF&#8221; button_bg_color=&#8221;#000000&#8243; button_border_width=&#8221;5px&#8221; button_border_color=&#8221;#000000&#8243; button_border_radius=&#8221;0px&#8221; button_letter_spacing=&#8221;3px&#8221; button_font=&#8221;ZonaPro Regular|||on|||||&#8221; button_on_hover=&#8221;off&#8221; custom_padding=&#8221;|50px||30px|false|false&#8221; global_colors_info=&#8221;{}&#8221; button_bg_color__hover_enabled=&#8221;on|hover&#8221; button_bg_color__hover=&#8221;#FFFFFF&#8221; button_bg_enable_color__hover=&#8221;on&#8221; button_text_color__hover_enabled=&#8221;on|desktop&#8221; button_text_color__hover=&#8221;#000000&#8243;][\/et_pb_button][\/et_pb_column][\/et_pb_row][\/et_pb_section]<\/p>\n","protected":false},"excerpt":{"rendered":"<p>DUNAI S\u00c9TAHAJ\u00d3Z\u00c1SFoglald le a v\u00e1rosi kiruccan\u00e1sodat a Rumban \u00e9s kapcsol\u00f3dj ki mik\u00f6zben a fest\u0151i Dun\u00e1n haj\u00f3k\u00e1zol. &nbsp;\u00c9lvezze Budapest leny\u0171g\u00f6z\u0151 panor\u00e1m\u00e1j\u00e1t \u00e9s ismerje meg a v\u00e1ros csod\u00e1s t\u00f6rt\u00e9nelm\u00e9t mik\u00f6zben a Dun\u00e1n haj\u00f3zik.\u00a0 V\u00e1lasszon megannyi lehet\u0151s\u00e9gek k\u00f6z\u00fcl \u00e9s tal\u00e1lja meg az \u00d6nnek legmegfelel\u0151bb opci\u00f3t.\u00a0Tov\u00e1bbi inform\u00e1ci\u00f3\u00e9rt, k\u00fcl\u00f6nleges aj\u00e1nlatok\u00e9rt \u00e9s jegyek\u00e9rt forduljon recepci\u00f3s csapatunkhoz! Munkat\u00e1rsaink \u00f6r\u00f6mmel \u00e1llnak rendelkez\u00e9s\u00e9re, \u00e9s [&hellip;]<\/p>\n","protected":false},"author":4,"featured_media":0,"parent":1011,"menu_order":0,"comment_status":"closed","ping_status":"closed","template":"","meta":{"_et_pb_use_builder":"on","_et_pb_old_content":"","_et_gb_content_width":"","footnotes":""},"class_list":["post-2108","page","type-page","status-publish","hentry"],"yoast_head":"<!-- This site is optimized with the Yoast SEO plugin v26.8 - https:\/\/yoast.com\/product\/yoast-seo-wordpress\/ -->\n<title>DUNAI HAJ\u00d3Z\u00c1S - Hotel Rum Budapest<\/title>\n<meta name=\"robots\" content=\"index, follow, max-snippet:-1, max-image-preview:large, max-video-preview:-1\" \/>\n<link rel=\"canonical\" href=\"https:\/\/hotelrumbudapest.com\/hu\/ajanlatok\/dunai-hajo\/\" \/>\n<meta property=\"og:locale\" content=\"hu_HU\" \/>\n<meta property=\"og:type\" content=\"article\" \/>\n<meta property=\"og:title\" content=\"DUNAI HAJ\u00d3Z\u00c1S - Hotel Rum Budapest\" \/>\n<meta property=\"og:description\" content=\"DUNAI S\u00c9TAHAJ\u00d3Z\u00c1SFoglald le a v\u00e1rosi kiruccan\u00e1sodat a Rumban \u00e9s kapcsol\u00f3dj ki mik\u00f6zben a fest\u0151i Dun\u00e1n haj\u00f3k\u00e1zol. &nbsp;\u00c9lvezze Budapest leny\u0171g\u00f6z\u0151 panor\u00e1m\u00e1j\u00e1t \u00e9s ismerje meg a v\u00e1ros csod\u00e1s t\u00f6rt\u00e9nelm\u00e9t mik\u00f6zben a Dun\u00e1n haj\u00f3zik.\u00a0 V\u00e1lasszon megannyi lehet\u0151s\u00e9gek k\u00f6z\u00fcl \u00e9s tal\u00e1lja meg az \u00d6nnek legmegfelel\u0151bb opci\u00f3t.\u00a0Tov\u00e1bbi inform\u00e1ci\u00f3\u00e9rt, k\u00fcl\u00f6nleges aj\u00e1nlatok\u00e9rt \u00e9s jegyek\u00e9rt forduljon recepci\u00f3s csapatunkhoz! Munkat\u00e1rsaink \u00f6r\u00f6mmel \u00e1llnak rendelkez\u00e9s\u00e9re, \u00e9s [&hellip;]\" \/>\n<meta property=\"og:url\" content=\"https:\/\/hotelrumbudapest.com\/hu\/ajanlatok\/dunai-hajo\/\" \/>\n<meta property=\"og:site_name\" content=\"Hotel Rum Budapest\" \/>\n<meta property=\"article:modified_time\" content=\"2024-10-07T15:12:09+00:00\" \/>\n<meta name=\"twitter:card\" content=\"summary_large_image\" \/>\n<meta name=\"twitter:label1\" content=\"Becs\u00fclt olvas\u00e1si id\u0151\" \/>\n\t<meta name=\"twitter:data1\" content=\"1 perc\" \/>\n<script type=\"application\/ld+json\" class=\"yoast-schema-graph\">{\"@context\":\"https:\/\/schema.org\",\"@graph\":[{\"@type\":\"WebPage\",\"@id\":\"https:\/\/hotelrumbudapest.com\/hu\/ajanlatok\/dunai-hajo\/\",\"url\":\"https:\/\/hotelrumbudapest.com\/hu\/ajanlatok\/dunai-hajo\/\",\"name\":\"DUNAI HAJ\u00d3Z\u00c1S - Hotel Rum Budapest\",\"isPartOf\":{\"@id\":\"https:\/\/hotelrumbudapest.com\/#website\"},\"datePublished\":\"2024-04-05T09:24:55+00:00\",\"dateModified\":\"2024-10-07T15:12:09+00:00\",\"breadcrumb\":{\"@id\":\"https:\/\/hotelrumbudapest.com\/hu\/ajanlatok\/dunai-hajo\/#breadcrumb\"},\"inLanguage\":\"hu\",\"potentialAction\":[{\"@type\":\"ReadAction\",\"target\":[\"https:\/\/hotelrumbudapest.com\/hu\/ajanlatok\/dunai-hajo\/\"]}]},{\"@type\":\"BreadcrumbList\",\"@id\":\"https:\/\/hotelrumbudapest.com\/hu\/ajanlatok\/dunai-hajo\/#breadcrumb\",\"itemListElement\":[{\"@type\":\"ListItem\",\"position\":1,\"name\":\"Home\",\"item\":\"https:\/\/hotelrumbudapest.com\/hu\/\"},{\"@type\":\"ListItem\",\"position\":2,\"name\":\"PROM\u00d3CI\u00d3K &#038; CSOMAGOK\",\"item\":\"https:\/\/hotelrumbudapest.com\/hu\/ajanlatok\/\"},{\"@type\":\"ListItem\",\"position\":3,\"name\":\"DUNAI HAJ\u00d3Z\u00c1S\"}]},{\"@type\":\"WebSite\",\"@id\":\"https:\/\/hotelrumbudapest.com\/#website\",\"url\":\"https:\/\/hotelrumbudapest.com\/\",\"name\":\"Hotel Rum Budapest\",\"description\":\"\",\"potentialAction\":[{\"@type\":\"SearchAction\",\"target\":{\"@type\":\"EntryPoint\",\"urlTemplate\":\"https:\/\/hotelrumbudapest.com\/?s={search_term_string}\"},\"query-input\":{\"@type\":\"PropertyValueSpecification\",\"valueRequired\":true,\"valueName\":\"search_term_string\"}}],\"inLanguage\":\"hu\"}]}<\/script>\n<!-- \/ Yoast SEO plugin. -->","yoast_head_json":{"title":"DUNAI HAJ\u00d3Z\u00c1S - Hotel Rum Budapest","robots":{"index":"index","follow":"follow","max-snippet":"max-snippet:-1","max-image-preview":"max-image-preview:large","max-video-preview":"max-video-preview:-1"},"canonical":"https:\/\/hotelrumbudapest.com\/hu\/ajanlatok\/dunai-hajo\/","og_locale":"hu_HU","og_type":"article","og_title":"DUNAI HAJ\u00d3Z\u00c1S - Hotel Rum Budapest","og_description":"DUNAI S\u00c9TAHAJ\u00d3Z\u00c1SFoglald le a v\u00e1rosi kiruccan\u00e1sodat a Rumban \u00e9s kapcsol\u00f3dj ki mik\u00f6zben a fest\u0151i Dun\u00e1n haj\u00f3k\u00e1zol. &nbsp;\u00c9lvezze Budapest leny\u0171g\u00f6z\u0151 panor\u00e1m\u00e1j\u00e1t \u00e9s ismerje meg a v\u00e1ros csod\u00e1s t\u00f6rt\u00e9nelm\u00e9t mik\u00f6zben a Dun\u00e1n haj\u00f3zik.\u00a0 V\u00e1lasszon megannyi lehet\u0151s\u00e9gek k\u00f6z\u00fcl \u00e9s tal\u00e1lja meg az \u00d6nnek legmegfelel\u0151bb opci\u00f3t.\u00a0Tov\u00e1bbi inform\u00e1ci\u00f3\u00e9rt, k\u00fcl\u00f6nleges aj\u00e1nlatok\u00e9rt \u00e9s jegyek\u00e9rt forduljon recepci\u00f3s csapatunkhoz! Munkat\u00e1rsaink \u00f6r\u00f6mmel \u00e1llnak rendelkez\u00e9s\u00e9re, \u00e9s [&hellip;]","og_url":"https:\/\/hotelrumbudapest.com\/hu\/ajanlatok\/dunai-hajo\/","og_site_name":"Hotel Rum Budapest","article_modified_time":"2024-10-07T15:12:09+00:00","twitter_card":"summary_large_image","twitter_misc":{"Becs\u00fclt olvas\u00e1si id\u0151":"1 perc"},"schema":{"@context":"https:\/\/schema.org","@graph":[{"@type":"WebPage","@id":"https:\/\/hotelrumbudapest.com\/hu\/ajanlatok\/dunai-hajo\/","url":"https:\/\/hotelrumbudapest.com\/hu\/ajanlatok\/dunai-hajo\/","name":"DUNAI HAJ\u00d3Z\u00c1S - Hotel Rum Budapest","isPartOf":{"@id":"https:\/\/hotelrumbudapest.com\/#website"},"datePublished":"2024-04-05T09:24:55+00:00","dateModified":"2024-10-07T15:12:09+00:00","breadcrumb":{"@id":"https:\/\/hotelrumbudapest.com\/hu\/ajanlatok\/dunai-hajo\/#breadcrumb"},"inLanguage":"hu","potentialAction":[{"@type":"ReadAction","target":["https:\/\/hotelrumbudapest.com\/hu\/ajanlatok\/dunai-hajo\/"]}]},{"@type":"BreadcrumbList","@id":"https:\/\/hotelrumbudapest.com\/hu\/ajanlatok\/dunai-hajo\/#breadcrumb","itemListElement":[{"@type":"ListItem","position":1,"name":"Home","item":"https:\/\/hotelrumbudapest.com\/hu\/"},{"@type":"ListItem","position":2,"name":"PROM\u00d3CI\u00d3K &#038; CSOMAGOK","item":"https:\/\/hotelrumbudapest.com\/hu\/ajanlatok\/"},{"@type":"ListItem","position":3,"name":"DUNAI HAJ\u00d3Z\u00c1S"}]},{"@type":"WebSite","@id":"https:\/\/hotelrumbudapest.com\/#website","url":"https:\/\/hotelrumbudapest.com\/","name":"Hotel Rum Budapest","description":"","potentialAction":[{"@type":"SearchAction","target":{"@type":"EntryPoint","urlTemplate":"https:\/\/hotelrumbudapest.com\/?s={search_term_string}"},"query-input":{"@type":"PropertyValueSpecification","valueRequired":true,"valueName":"search_term_string"}}],"inLanguage":"hu"}]}},"_links":{"self":[{"href":"https:\/\/hotelrumbudapest.com\/hu\/wp-json\/wp\/v2\/pages\/2108","targetHints":{"allow":["GET"]}}],"collection":[{"href":"https:\/\/hotelrumbudapest.com\/hu\/wp-json\/wp\/v2\/pages"}],"about":[{"href":"https:\/\/hotelrumbudapest.com\/hu\/wp-json\/wp\/v2\/types\/page"}],"author":[{"embeddable":true,"href":"https:\/\/hotelrumbudapest.com\/hu\/wp-json\/wp\/v2\/users\/4"}],"replies":[{"embeddable":true,"href":"https:\/\/hotelrumbudapest.com\/hu\/wp-json\/wp\/v2\/comments?post=2108"}],"version-history":[{"count":20,"href":"https:\/\/hotelrumbudapest.com\/hu\/wp-json\/wp\/v2\/pages\/2108\/revisions"}],"predecessor-version":[{"id":2336,"href":"https:\/\/hotelrumbudapest.com\/hu\/wp-json\/wp\/v2\/pages\/2108\/revisions\/2336"}],"up":[{"embeddable":true,"href":"https:\/\/hotelrumbudapest.com\/hu\/wp-json\/wp\/v2\/pages\/1011"}],"wp:attachment":[{"href":"https:\/\/hotelrumbudapest.com\/hu\/wp-json\/wp\/v2\/media?parent=2108"}],"curies":[{"name":"wp","href":"https:\/\/api.w.org\/{rel}","templated":true}]}}