{"id":2029,"date":"2024-02-23T16:34:07","date_gmt":"2024-02-23T16:34:07","guid":{"rendered":"https:\/\/hotelrumbudapest.com\/thank-you-for-reservation\/"},"modified":"2024-10-07T15:32:55","modified_gmt":"2024-10-07T15:32:55","slug":"koszonjuk-hogy-nalunk-foglaltal","status":"publish","type":"page","link":"https:\/\/hotelrumbudapest.com\/hu\/koszonjuk-hogy-nalunk-foglaltal\/","title":{"rendered":"K\u00f6sz\u00f6nj\u00fck, hogy n\u00e1lunk foglalt\u00e1l"},"content":{"rendered":"<p>[et_pb_section fb_built=&#8221;1&#8243; _builder_version=&#8221;4.23&#8243; _module_preset=&#8221;default&#8221; background_color=&#8221;#fbf7ef&#8221; custom_margin=&#8221;||||false|false&#8221; custom_padding=&#8221;||90px|0px||&#8221; hover_enabled=&#8221;0&#8243; da_disable_devices=&#8221;off|off|off&#8221; global_colors_info=&#8221;{}&#8221; sticky_enabled=&#8221;0&#8243; da_is_popup=&#8221;off&#8221; da_exit_intent=&#8221;off&#8221; da_has_close=&#8221;on&#8221; da_alt_close=&#8221;off&#8221; da_dark_close=&#8221;off&#8221; da_not_modal=&#8221;on&#8221; da_is_singular=&#8221;off&#8221; da_with_loader=&#8221;off&#8221; da_has_shadow=&#8221;on&#8221;][et_pb_row _builder_version=&#8221;4.23&#8243; _module_preset=&#8221;default&#8221; width=&#8221;95%&#8221; max_width=&#8221;2560px&#8221; custom_margin=&#8221;30px||||false|false&#8221; global_colors_info=&#8221;{}&#8221;][et_pb_column type=&#8221;4_4&#8243; _builder_version=&#8221;4.23&#8243; _module_preset=&#8221;default&#8221; global_colors_info=&#8221;{}&#8221;][et_pb_text _builder_version=&#8221;4.23&#8243; _module_preset=&#8221;default&#8221; text_font=&#8221;ZonaPro Bold|600||on|||||&#8221; text_text_color=&#8221;#000000&#8243; text_font_size=&#8221;24px&#8221; text_letter_spacing=&#8221;3px&#8221; text_line_height=&#8221;1.9em&#8221; text_orientation=&#8221;center&#8221; custom_margin=&#8221;||10px||false|false&#8221; custom_padding=&#8221;||0px||false|false&#8221; global_colors_info=&#8221;{}&#8221;]<\/p>\n<p>K\u00f6sz\u00f6nj\u00fck, hogy n\u00e1lunk foglalt\u00e1l!<\/p>\n<p>[\/et_pb_text][et_pb_divider divider_weight=&#8221;6px&#8221; _builder_version=&#8221;4.23&#8243; _module_preset=&#8221;default&#8221; max_width=&#8221;16px&#8221; module_alignment=&#8221;center&#8221; global_colors_info=&#8221;{}&#8221;][\/et_pb_divider][\/et_pb_column][\/et_pb_row][et_pb_row column_structure=&#8221;1_2,1_2&#8243; _builder_version=&#8221;4.23&#8243; _module_preset=&#8221;default&#8221; global_colors_info=&#8221;{}&#8221;][et_pb_column type=&#8221;1_2&#8243; _builder_version=&#8221;4.23&#8243; _module_preset=&#8221;default&#8221; global_colors_info=&#8221;{}&#8221;][et_pb_image src=&#8221;https:\/\/hotelrumbudapest.com\/wp-content\/uploads\/2023\/11\/Hotel-Rum-Budapest-26.jpg&#8221; title_text=&#8221;Hotel-Rum-Budapest-26&#8243; align_tablet=&#8221;center&#8221; align_phone=&#8221;center&#8221; align_last_edited=&#8221;on|phone&#8221; _builder_version=&#8221;4.23&#8243; _module_preset=&#8221;default&#8221; width=&#8221;80%&#8221; max_width=&#8221;100%&#8221; max_width_tablet=&#8221;100%&#8221; max_width_phone=&#8221;100%&#8221; max_width_last_edited=&#8221;on|phone&#8221; module_alignment=&#8221;right&#8221; module_alignment_tablet=&#8221;center&#8221; module_alignment_phone=&#8221;center&#8221; module_alignment_last_edited=&#8221;on|phone&#8221; global_colors_info=&#8221;{}&#8221;][\/et_pb_image][\/et_pb_column][et_pb_column type=&#8221;1_2&#8243; _builder_version=&#8221;4.23&#8243; _module_preset=&#8221;default&#8221; global_colors_info=&#8221;{}&#8221;][et_pb_text _builder_version=&#8221;4.23&#8243; _module_preset=&#8221;default&#8221; text_font=&#8221;ZonaPro Regular||||||||&#8221; text_text_color=&#8221;#000000&#8243; custom_margin=&#8221;||54px|||&#8221; text_orientation_tablet=&#8221;center&#8221; text_orientation_phone=&#8221;center&#8221; text_orientation_last_edited=&#8221;on|desktop&#8221; global_colors_info=&#8221;{}&#8221;]<\/p>\n<p>Ha b\u00e1rmilyen k\u00e9rd\u00e9sed lenne tart\u00f3zkod\u00e1soddal kapcsolatban, keress minket b\u00e1tran el\u00e9rhet\u0151s\u00e9geinken.<\/p>\n<p>Hamarosan tal\u00e1lkozunk!<\/p>\n<p>[\/et_pb_text][et_pb_button button_url=&#8221;mailto:hello@hotelrumbudapest.com&#8221; url_new_window=&#8221;on&#8221; button_text=&#8221;\u00cdrj nek\u00fcnk&#8221; button_alignment=&#8221;left&#8221; button_alignment_tablet=&#8221;center&#8221; button_alignment_phone=&#8221;center&#8221; button_alignment_last_edited=&#8221;on|desktop&#8221; _builder_version=&#8221;4.23&#8243; _module_preset=&#8221;default&#8221; custom_button=&#8221;on&#8221; button_text_size=&#8221;18px&#8221; button_text_color=&#8221;#FFFFFF&#8221; button_bg_color=&#8221;#000000&#8243; button_border_width=&#8221;3px&#8221; button_border_color=&#8221;#000000&#8243; button_border_radius=&#8221;0px&#8221; button_letter_spacing=&#8221;1px&#8221; button_font=&#8221;ZonaPro Regular|||on|||||&#8221; global_colors_info=&#8221;{}&#8221; button_bg_color__hover_enabled=&#8221;on|hover&#8221; button_bg_color__hover=&#8221;#FFFFFF&#8221; button_bg_enable_color__hover=&#8221;on&#8221; button_text_color__hover_enabled=&#8221;on|hover&#8221; button_text_color__hover=&#8221;#000000&#8243;][\/et_pb_button][\/et_pb_column][\/et_pb_row][\/et_pb_section]<\/p>\n","protected":false},"excerpt":{"rendered":"<p>K\u00f6sz\u00f6nj\u00fck, hogy n\u00e1lunk foglalt\u00e1l!Ha b\u00e1rmilyen k\u00e9rd\u00e9sed lenne tart\u00f3zkod\u00e1soddal kapcsolatban, keress minket b\u00e1tran el\u00e9rhet\u0151s\u00e9geinken. Hamarosan tal\u00e1lkozunk!<\/p>\n","protected":false},"author":2,"featured_media":0,"parent":0,"menu_order":0,"comment_status":"closed","ping_status":"closed","template":"","meta":{"_et_pb_use_builder":"on","_et_pb_old_content":"","_et_gb_content_width":"","footnotes":""},"class_list":["post-2029","page","type-page","status-publish","hentry"],"yoast_head":"<!-- This site is optimized with the Yoast SEO plugin v26.8 - https:\/\/yoast.com\/product\/yoast-seo-wordpress\/ -->\n<title>K\u00f6sz\u00f6nj\u00fck, hogy n\u00e1lunk foglalt\u00e1l - Hotel Rum Budapest<\/title>\n<meta name=\"robots\" content=\"index, follow, max-snippet:-1, max-image-preview:large, max-video-preview:-1\" \/>\n<link rel=\"canonical\" href=\"https:\/\/hotelrumbudapest.com\/thank-you-for-reservation\/\" \/>\n<meta property=\"og:locale\" content=\"hu_HU\" \/>\n<meta property=\"og:type\" content=\"article\" \/>\n<meta property=\"og:title\" content=\"K\u00f6sz\u00f6nj\u00fck, hogy n\u00e1lunk foglalt\u00e1l - Hotel Rum Budapest\" \/>\n<meta property=\"og:description\" content=\"K\u00f6sz\u00f6nj\u00fck, hogy n\u00e1lunk foglalt\u00e1l!Ha b\u00e1rmilyen k\u00e9rd\u00e9sed lenne tart\u00f3zkod\u00e1soddal kapcsolatban, keress minket b\u00e1tran el\u00e9rhet\u0151s\u00e9geinken. Hamarosan tal\u00e1lkozunk!\" \/>\n<meta property=\"og:url\" content=\"https:\/\/hotelrumbudapest.com\/thank-you-for-reservation\/\" \/>\n<meta property=\"og:site_name\" content=\"Hotel Rum Budapest\" \/>\n<meta property=\"article:modified_time\" content=\"2024-10-07T15:32:55+00:00\" \/>\n<meta name=\"twitter:card\" content=\"summary_large_image\" \/>\n<meta name=\"twitter:label1\" content=\"Becs\u00fclt olvas\u00e1si id\u0151\" \/>\n\t<meta name=\"twitter:data1\" content=\"1 perc\" \/>\n<script type=\"application\/ld+json\" class=\"yoast-schema-graph\">{\"@context\":\"https:\/\/schema.org\",\"@graph\":[{\"@type\":\"WebPage\",\"@id\":\"https:\/\/hotelrumbudapest.com\/thank-you-for-reservation\/\",\"url\":\"https:\/\/hotelrumbudapest.com\/thank-you-for-reservation\/\",\"name\":\"K\u00f6sz\u00f6nj\u00fck, hogy n\u00e1lunk foglalt\u00e1l - Hotel Rum Budapest\",\"isPartOf\":{\"@id\":\"https:\/\/hotelrumbudapest.com\/#website\"},\"datePublished\":\"2024-02-23T16:34:07+00:00\",\"dateModified\":\"2024-10-07T15:32:55+00:00\",\"breadcrumb\":{\"@id\":\"https:\/\/hotelrumbudapest.com\/thank-you-for-reservation\/#breadcrumb\"},\"inLanguage\":\"hu\",\"potentialAction\":[{\"@type\":\"ReadAction\",\"target\":[\"https:\/\/hotelrumbudapest.com\/thank-you-for-reservation\/\"]}]},{\"@type\":\"BreadcrumbList\",\"@id\":\"https:\/\/hotelrumbudapest.com\/thank-you-for-reservation\/#breadcrumb\",\"itemListElement\":[{\"@type\":\"ListItem\",\"position\":1,\"name\":\"Home\",\"item\":\"https:\/\/hotelrumbudapest.com\/hu\/\"},{\"@type\":\"ListItem\",\"position\":2,\"name\":\"K\u00f6sz\u00f6nj\u00fck, hogy n\u00e1lunk foglalt\u00e1l\"}]},{\"@type\":\"WebSite\",\"@id\":\"https:\/\/hotelrumbudapest.com\/#website\",\"url\":\"https:\/\/hotelrumbudapest.com\/\",\"name\":\"Hotel Rum Budapest\",\"description\":\"\",\"potentialAction\":[{\"@type\":\"SearchAction\",\"target\":{\"@type\":\"EntryPoint\",\"urlTemplate\":\"https:\/\/hotelrumbudapest.com\/?s={search_term_string}\"},\"query-input\":{\"@type\":\"PropertyValueSpecification\",\"valueRequired\":true,\"valueName\":\"search_term_string\"}}],\"inLanguage\":\"hu\"}]}<\/script>\n<!-- \/ Yoast SEO plugin. -->","yoast_head_json":{"title":"K\u00f6sz\u00f6nj\u00fck, hogy n\u00e1lunk foglalt\u00e1l - Hotel Rum Budapest","robots":{"index":"index","follow":"follow","max-snippet":"max-snippet:-1","max-image-preview":"max-image-preview:large","max-video-preview":"max-video-preview:-1"},"canonical":"https:\/\/hotelrumbudapest.com\/thank-you-for-reservation\/","og_locale":"hu_HU","og_type":"article","og_title":"K\u00f6sz\u00f6nj\u00fck, hogy n\u00e1lunk foglalt\u00e1l - Hotel Rum Budapest","og_description":"K\u00f6sz\u00f6nj\u00fck, hogy n\u00e1lunk foglalt\u00e1l!Ha b\u00e1rmilyen k\u00e9rd\u00e9sed lenne tart\u00f3zkod\u00e1soddal kapcsolatban, keress minket b\u00e1tran el\u00e9rhet\u0151s\u00e9geinken. Hamarosan tal\u00e1lkozunk!","og_url":"https:\/\/hotelrumbudapest.com\/thank-you-for-reservation\/","og_site_name":"Hotel Rum Budapest","article_modified_time":"2024-10-07T15:32:55+00:00","twitter_card":"summary_large_image","twitter_misc":{"Becs\u00fclt olvas\u00e1si id\u0151":"1 perc"},"schema":{"@context":"https:\/\/schema.org","@graph":[{"@type":"WebPage","@id":"https:\/\/hotelrumbudapest.com\/thank-you-for-reservation\/","url":"https:\/\/hotelrumbudapest.com\/thank-you-for-reservation\/","name":"K\u00f6sz\u00f6nj\u00fck, hogy n\u00e1lunk foglalt\u00e1l - Hotel Rum Budapest","isPartOf":{"@id":"https:\/\/hotelrumbudapest.com\/#website"},"datePublished":"2024-02-23T16:34:07+00:00","dateModified":"2024-10-07T15:32:55+00:00","breadcrumb":{"@id":"https:\/\/hotelrumbudapest.com\/thank-you-for-reservation\/#breadcrumb"},"inLanguage":"hu","potentialAction":[{"@type":"ReadAction","target":["https:\/\/hotelrumbudapest.com\/thank-you-for-reservation\/"]}]},{"@type":"BreadcrumbList","@id":"https:\/\/hotelrumbudapest.com\/thank-you-for-reservation\/#breadcrumb","itemListElement":[{"@type":"ListItem","position":1,"name":"Home","item":"https:\/\/hotelrumbudapest.com\/hu\/"},{"@type":"ListItem","position":2,"name":"K\u00f6sz\u00f6nj\u00fck, hogy n\u00e1lunk foglalt\u00e1l"}]},{"@type":"WebSite","@id":"https:\/\/hotelrumbudapest.com\/#website","url":"https:\/\/hotelrumbudapest.com\/","name":"Hotel Rum Budapest","description":"","potentialAction":[{"@type":"SearchAction","target":{"@type":"EntryPoint","urlTemplate":"https:\/\/hotelrumbudapest.com\/?s={search_term_string}"},"query-input":{"@type":"PropertyValueSpecification","valueRequired":true,"valueName":"search_term_string"}}],"inLanguage":"hu"}]}},"_links":{"self":[{"href":"https:\/\/hotelrumbudapest.com\/hu\/wp-json\/wp\/v2\/pages\/2029","targetHints":{"allow":["GET"]}}],"collection":[{"href":"https:\/\/hotelrumbudapest.com\/hu\/wp-json\/wp\/v2\/pages"}],"about":[{"href":"https:\/\/hotelrumbudapest.com\/hu\/wp-json\/wp\/v2\/types\/page"}],"author":[{"embeddable":true,"href":"https:\/\/hotelrumbudapest.com\/hu\/wp-json\/wp\/v2\/users\/2"}],"replies":[{"embeddable":true,"href":"https:\/\/hotelrumbudapest.com\/hu\/wp-json\/wp\/v2\/comments?post=2029"}],"version-history":[{"count":11,"href":"https:\/\/hotelrumbudapest.com\/hu\/wp-json\/wp\/v2\/pages\/2029\/revisions"}],"predecessor-version":[{"id":2364,"href":"https:\/\/hotelrumbudapest.com\/hu\/wp-json\/wp\/v2\/pages\/2029\/revisions\/2364"}],"wp:attachment":[{"href":"https:\/\/hotelrumbudapest.com\/hu\/wp-json\/wp\/v2\/media?parent=2029"}],"curies":[{"name":"wp","href":"https:\/\/api.w.org\/{rel}","templated":true}]}}