{"id":1542,"date":"2023-12-06T10:16:49","date_gmt":"2023-12-06T10:16:49","guid":{"rendered":"https:\/\/hotelrumbudapest.com\/?page_id=1542"},"modified":"2023-12-15T12:41:02","modified_gmt":"2023-12-15T12:41:02","slug":"karrier","status":"publish","type":"page","link":"https:\/\/hotelrumbudapest.com\/hu\/karrier\/","title":{"rendered":"Karrier"},"content":{"rendered":"<p>[et_pb_section fb_built=&#8221;1&#8243; _builder_version=&#8221;4.23&#8243; _module_preset=&#8221;default&#8221; background_color=&#8221;#e4e3dd&#8221; custom_margin=&#8221;||||false|false&#8221; custom_padding=&#8221;|||0px||&#8221; da_disable_devices=&#8221;off|off|off&#8221; global_colors_info=&#8221;{}&#8221; da_is_popup=&#8221;off&#8221; da_exit_intent=&#8221;off&#8221; da_has_close=&#8221;on&#8221; da_alt_close=&#8221;off&#8221; da_dark_close=&#8221;off&#8221; da_not_modal=&#8221;on&#8221; da_is_singular=&#8221;off&#8221; da_with_loader=&#8221;off&#8221; da_has_shadow=&#8221;on&#8221;][et_pb_row _builder_version=&#8221;4.23&#8243; _module_preset=&#8221;default&#8221; hover_enabled=&#8221;0&#8243; locked=&#8221;off&#8221; global_colors_info=&#8221;{}&#8221; custom_margin=&#8221;30px||||false|false&#8221; sticky_enabled=&#8221;0&#8243;][et_pb_column type=&#8221;4_4&#8243; _builder_version=&#8221;4.23&#8243; _module_preset=&#8221;default&#8221; global_colors_info=&#8221;{}&#8221;][et_pb_text _builder_version=&#8221;4.23&#8243; _module_preset=&#8221;default&#8221; text_font=&#8221;ZonaPro Bold|600|||||||&#8221; text_text_color=&#8221;#000000&#8243; text_font_size=&#8221;24px&#8221; text_letter_spacing=&#8221;3px&#8221; text_orientation=&#8221;center&#8221; custom_margin=&#8221;||10px||false|false&#8221; custom_padding=&#8221;||0px||false|false&#8221; global_colors_info=&#8221;{}&#8221;]<\/p>\n<p><span>NYITOTT POZ\u00cdCI\u00d3K<\/span><\/p>\n<p>[\/et_pb_text][et_pb_divider divider_weight=&#8221;6px&#8221; _builder_version=&#8221;4.23&#8243; _module_preset=&#8221;default&#8221; max_width=&#8221;16px&#8221; module_alignment=&#8221;center&#8221; global_colors_info=&#8221;{}&#8221;][\/et_pb_divider][et_pb_text _builder_version=&#8221;4.23&#8243; _module_preset=&#8221;default&#8221; text_font=&#8221;ZonaPro Regular||||||||&#8221; text_font_size=&#8221;15px&#8221; link_text_color=&#8221;#000000&#8243; text_orientation=&#8221;center&#8221; global_colors_info=&#8221;{}&#8221;]<\/p>\n<p>Sz\u00e1munkra nagyon fontos, hogy a vel\u00fcnk dolgoz\u00f3k megtal\u00e1lj\u00e1k motiv\u00e1ci\u00f3ikat, ki tudj\u00e1k magukb\u00f3l hozni a legt\u00f6bbet, hogy egy\u00fctt fejl\u0151dhess\u00fcnk, \u00e9s egy\u00fctt legy\u00fcnk j\u00f3 vend\u00e9gl\u00e1t\u00f3k. Ha nyitott, bar\u00e1ts\u00e1gos, c\u00e9ltudatos vagy, \u00e9s szeretn\u00e9l a RUM csal\u00e1dhoz tartozni, jelentkezz hozz\u00e1nk!<\/p>\n<p>Amennyiben nem tal\u00e1lod azt a poz\u00edci\u00f3t, amit keresel, de m\u00e9gis sz\u00edvesen csatlakozn\u00e1l hozz\u00e1nk, jelentkezz b\u00e1tran a\u00a0<a href=\"mailto:career@hotelrumbudapest.com\">career@hotelrumbudapest.com<\/a>\u00a0c\u00edmen. \u00cdrd meg nek\u00fcnk milyen ter\u00fcleten szeretn\u00e9l fejl\u0151dni, mi pedig \u00e9rtes\u00edteni fogunk a lehet\u0151s\u00e9gekr\u0151l.<\/p>\n<p>[\/et_pb_text][\/et_pb_column][\/et_pb_row][et_pb_row column_structure=&#8221;1_3,1_3,1_3&#8243; use_custom_gutter=&#8221;on&#8221; gutter_width=&#8221;2&#8243; _builder_version=&#8221;4.23&#8243; _module_preset=&#8221;default&#8221; link_option_url_new_window=&#8221;on&#8221; locked=&#8221;off&#8221; global_colors_info=&#8221;{}&#8221;][et_pb_column type=&#8221;1_3&#8243; _builder_version=&#8221;4.23&#8243; _module_preset=&#8221;default&#8221; global_colors_info=&#8221;{}&#8221;][et_pb_image src=&#8221;https:\/\/hotelrumbudapest.com\/wp-content\/uploads\/2023\/12\/Hotel-Rum-Budapest-Recepcios.png&#8221; title_text=&#8221;Hotel-Rum-Budapest-Recepcios&#8221; url_new_window=&#8221;on&#8221; _builder_version=&#8221;4.23&#8243; _module_preset=&#8221;default&#8221; global_colors_info=&#8221;{}&#8221;][\/et_pb_image][et_pb_text _builder_version=&#8221;4.23&#8243; _module_preset=&#8221;default&#8221; text_font=&#8221;ZonaPro Regular||||||||&#8221; text_font_size=&#8221;15px&#8221; text_orientation=&#8221;center&#8221; global_colors_info=&#8221;{}&#8221;]<\/p>\n<div class=\"job-card\">\n<div class=\"\">Szeretn\u00e9nk, ha minden utaz\u00f3nk otthon \u00e9rezn\u00e9 mag\u00e1t. Ehhez elengedhetetlen egy j\u00f3 szervez\u0151, egy j\u00f3 vend\u00e9gl\u00e1t\u00f3. Ha szereted az embereket, \u00e9rtesz a nyelv\u00fck\u00f6n, csatlakozz a RUM csapat\u00e1hoz.<\/div>\n<\/div>\n<div class=\"job-card\">\n<div class=\"job-card__image-wrapper\">\n<div class=\"image-wrapper__inner\"><\/div>\n<\/div>\n<\/div>\n<p>[\/et_pb_text][et_pb_button button_url=&#8221;mailto:career@hotelrumbudapest.com&#8221; button_text=&#8221;Jelentkezz&#8221; button_alignment=&#8221;center&#8221; _builder_version=&#8221;4.23&#8243; _module_preset=&#8221;default&#8221; custom_button=&#8221;on&#8221; button_text_size=&#8221;18px&#8221; button_text_color=&#8221;#FFFFFF&#8221; button_bg_color=&#8221;#000000&#8243; button_border_width=&#8221;3px&#8221; button_border_color=&#8221;#000000&#8243; button_border_radius=&#8221;0px&#8221; button_letter_spacing=&#8221;1px&#8221; button_font=&#8221;ZonaPro Regular|||on|||||&#8221; global_colors_info=&#8221;{}&#8221; button_bg_color__hover_enabled=&#8221;on|hover&#8221; button_bg_color__hover=&#8221;#FFFFFF&#8221; button_bg_enable_color__hover=&#8221;on&#8221; button_text_color__hover_enabled=&#8221;on|hover&#8221; button_text_color__hover=&#8221;#000000&#8243;][\/et_pb_button][\/et_pb_column][et_pb_column type=&#8221;1_3&#8243; _builder_version=&#8221;4.23&#8243; _module_preset=&#8221;default&#8221; global_colors_info=&#8221;{}&#8221;][et_pb_image src=&#8221;https:\/\/hotelrumbudapest.com\/wp-content\/uploads\/2023\/12\/Hotel-Rum-Budapest-takarito.png&#8221; title_text=&#8221;Hotel-Rum-Budapest-takarito&#8221; url_new_window=&#8221;on&#8221; _builder_version=&#8221;4.23&#8243; _module_preset=&#8221;default&#8221; global_colors_info=&#8221;{}&#8221;][\/et_pb_image][et_pb_text _builder_version=&#8221;4.23&#8243; _module_preset=&#8221;default&#8221; text_font=&#8221;ZonaPro Regular||||||||&#8221; text_font_size=&#8221;15px&#8221; text_orientation=&#8221;center&#8221; global_colors_info=&#8221;{}&#8221;]<\/p>\n<div class=\"job-card\">\n<div class=\"\">\n<div class=\"job-card\">\n<div class=\"\">Ahhoz, hogy vend\u00e9geink komfortosan \u00e9rezz\u00e9k magukat a sz\u00e1llod\u00e1ban, elengedhetetlen egy prec\u00edz csapat. Teljes munkaid\u0151s szobal\u00e1nyokat keres\u00fcnk, akik a sz\u00e1lloda szob\u00e1it \u00e9s k\u00f6z\u00f6ss\u00e9gi tereit tiszt\u00e1v\u00e1 var\u00e1zsolj\u00e1k.<\/div>\n<\/div>\n<\/div>\n<\/div>\n<div class=\"job-card\">\n<div class=\"job-card__image-wrapper\">\n<div class=\"image-wrapper__inner\"><\/div>\n<\/div>\n<\/div>\n<p>[\/et_pb_text][et_pb_button button_url=&#8221;mailto:career@hotelrumbudapest.com&#8221; button_text=&#8221;Jelentkezz&#8221; button_alignment=&#8221;center&#8221; _builder_version=&#8221;4.23&#8243; _module_preset=&#8221;default&#8221; custom_button=&#8221;on&#8221; button_text_size=&#8221;18px&#8221; button_text_color=&#8221;#FFFFFF&#8221; button_bg_color=&#8221;#000000&#8243; button_border_width=&#8221;3px&#8221; button_border_color=&#8221;#000000&#8243; button_border_radius=&#8221;0px&#8221; button_letter_spacing=&#8221;1px&#8221; button_font=&#8221;ZonaPro Regular|||on|||||&#8221; global_colors_info=&#8221;{}&#8221; button_bg_color__hover_enabled=&#8221;on|hover&#8221; button_bg_color__hover=&#8221;#FFFFFF&#8221; button_bg_enable_color__hover=&#8221;on&#8221; button_text_color__hover_enabled=&#8221;on|hover&#8221; button_text_color__hover=&#8221;#000000&#8243;][\/et_pb_button][\/et_pb_column][et_pb_column type=&#8221;1_3&#8243; _builder_version=&#8221;4.23&#8243; _module_preset=&#8221;default&#8221; global_colors_info=&#8221;{}&#8221;][et_pb_image src=&#8221;https:\/\/hotelrumbudapest.com\/wp-content\/uploads\/2023\/12\/Hotel-Rum-Budapest-Recepcios.png&#8221; title_text=&#8221;Hotel-Rum-Budapest-Recepcios&#8221; url_new_window=&#8221;on&#8221; _builder_version=&#8221;4.23&#8243; _module_preset=&#8221;default&#8221; global_colors_info=&#8221;{}&#8221;][\/et_pb_image][et_pb_text _builder_version=&#8221;4.23&#8243; _module_preset=&#8221;default&#8221; text_font=&#8221;ZonaPro Regular||||||||&#8221; text_font_size=&#8221;15px&#8221; text_orientation=&#8221;center&#8221; global_colors_info=&#8221;{}&#8221;]<\/p>\n<div class=\"job-card\">\n<div class=\"\">\n<div class=\"job-card\">\n<div class=\"\">T\u00f6r\u0151d\u00fcnk a vend\u00e9geinkkel. Ott vagyunk nekik mindig, hogy az utaz\u00e1sukat k\u00f6nny\u0171v\u00e9 \u00e9s felejthetetlenn\u00e9 tegy\u00fck. Ha seg\u00edt\u0151k\u00e9sz, j\u00f3 probl\u00e9ma megold\u00f3, kedves vagy, angolul pedig kifog\u00e1stalanul besz\u00e9lsz, jelentkezz hozz\u00e1nk most r\u00e9szmunkaid\u0151ben.<\/div>\n<\/div>\n<\/div>\n<\/div>\n<div class=\"job-card\">\n<div class=\"job-card__image-wrapper\">\n<div class=\"image-wrapper__inner\"><\/div>\n<\/div>\n<\/div>\n<p>[\/et_pb_text][et_pb_button button_url=&#8221;mailto:career@hotelrumbudapest.com&#8221; button_text=&#8221;Jelentkezz&#8221; button_alignment=&#8221;center&#8221; _builder_version=&#8221;4.23&#8243; _module_preset=&#8221;default&#8221; custom_button=&#8221;on&#8221; button_text_size=&#8221;18px&#8221; button_text_color=&#8221;#FFFFFF&#8221; button_bg_color=&#8221;#000000&#8243; button_border_width=&#8221;3px&#8221; button_border_color=&#8221;#000000&#8243; button_border_radius=&#8221;0px&#8221; button_letter_spacing=&#8221;1px&#8221; button_font=&#8221;ZonaPro Regular|||on|||||&#8221; global_colors_info=&#8221;{}&#8221; button_bg_color__hover_enabled=&#8221;on|hover&#8221; button_bg_color__hover=&#8221;#FFFFFF&#8221; button_bg_enable_color__hover=&#8221;on&#8221; button_text_color__hover_enabled=&#8221;on|hover&#8221; button_text_color__hover=&#8221;#000000&#8243;][\/et_pb_button][\/et_pb_column][\/et_pb_row][et_pb_row column_structure=&#8221;1_2,1_2&#8243; use_custom_gutter=&#8221;on&#8221; gutter_width=&#8221;2&#8243; _builder_version=&#8221;4.23&#8243; _module_preset=&#8221;default&#8221; width=&#8221;50%&#8221; link_option_url_new_window=&#8221;on&#8221; locked=&#8221;off&#8221; global_colors_info=&#8221;{}&#8221;][et_pb_column type=&#8221;1_2&#8243; _builder_version=&#8221;4.23&#8243; _module_preset=&#8221;default&#8221; global_colors_info=&#8221;{}&#8221;][et_pb_image src=&#8221;https:\/\/hotelrumbudapest.com\/wp-content\/uploads\/2023\/12\/Hotel-Rum-Budapest-reggelizteto.png&#8221; title_text=&#8221;Hotel-Rum-Budapest-reggelizteto&#8221; url_new_window=&#8221;on&#8221; _builder_version=&#8221;4.23&#8243; _module_preset=&#8221;default&#8221; global_colors_info=&#8221;{}&#8221;][\/et_pb_image][et_pb_text _builder_version=&#8221;4.23&#8243; _module_preset=&#8221;default&#8221; text_font=&#8221;ZonaPro Regular||||||||&#8221; text_font_size=&#8221;15px&#8221; text_orientation=&#8221;center&#8221; global_colors_info=&#8221;{}&#8221;]<\/p>\n<div class=\"job-card\">\n<div class=\"\">\n<div class=\"job-card\">\n<div class=\"\">Minden nap azon dolgozunk, hogy a legjobb \u00e9lm\u00e9nyt biztos\u00edtsuk vend\u00e9geinknek a v\u00e1ros felett. Rooftop \u00e9tterm\u00fcnk \u00e9s borb\u00e1runk csapata is keresi \u00faj tagjait, ha te lenn\u00e9l a k\u00f6vetkez\u0151, v\u00e1rjuk jelentkez\u00e9sedet!<\/div>\n<p><a href=\"mailto:%20career@hotelrumbudapest.com\" target=\"_blank\" rel=\"noopener\" class=\"btn btn-primary\"><\/a><\/div>\n<\/div>\n<\/div>\n<div class=\"job-card\">\n<div class=\"job-card__image-wrapper\">\n<div class=\"image-wrapper__inner\"><\/div>\n<\/div>\n<\/div>\n<p>[\/et_pb_text][et_pb_button button_url=&#8221;mailto:career@hotelrumbudapest.com&#8221; button_text=&#8221;Jelentkezz&#8221; button_alignment=&#8221;center&#8221; _builder_version=&#8221;4.23&#8243; _module_preset=&#8221;default&#8221; custom_button=&#8221;on&#8221; button_text_size=&#8221;18px&#8221; button_text_color=&#8221;#FFFFFF&#8221; button_bg_color=&#8221;#000000&#8243; button_border_width=&#8221;3px&#8221; button_border_color=&#8221;#000000&#8243; button_border_radius=&#8221;0px&#8221; button_letter_spacing=&#8221;1px&#8221; button_font=&#8221;ZonaPro Regular|||on|||||&#8221; global_colors_info=&#8221;{}&#8221; button_bg_color__hover_enabled=&#8221;on|hover&#8221; button_bg_color__hover=&#8221;#FFFFFF&#8221; button_bg_enable_color__hover=&#8221;on&#8221; button_text_color__hover_enabled=&#8221;on|hover&#8221; button_text_color__hover=&#8221;#000000&#8243;][\/et_pb_button][\/et_pb_column][et_pb_column type=&#8221;1_2&#8243; _builder_version=&#8221;4.23&#8243; _module_preset=&#8221;default&#8221; global_colors_info=&#8221;{}&#8221;][et_pb_image src=&#8221;https:\/\/hotelrumbudapest.com\/wp-content\/uploads\/2023\/12\/Hotel-Rum-Budapest-pincer.png&#8221; title_text=&#8221;Hotel-Rum-Budapest-pincer&#8221; url_new_window=&#8221;on&#8221; _builder_version=&#8221;4.23&#8243; _module_preset=&#8221;default&#8221; global_colors_info=&#8221;{}&#8221;][\/et_pb_image][et_pb_text _builder_version=&#8221;4.23&#8243; _module_preset=&#8221;default&#8221; text_font=&#8221;ZonaPro Regular||||||||&#8221; text_font_size=&#8221;15px&#8221; text_orientation=&#8221;center&#8221; global_colors_info=&#8221;{}&#8221;]<\/p>\n<div class=\"job-card\">\n<div class=\"\">\n<div class=\"job-card\">\n<div class=\"\"><span>Legy\u00e9l egy olyan csapat tagja, ami sz\u00edvb\u0151l szereti a vend\u00e9gl\u00e1t\u00e1st, \u00e9s egy olyan progressz\u00edv, term\u00e9szetk\u00f6zeli konyh\u00e1n dolgozik, ahol k\u00f6nny\u0171 fejl\u0151dni. Csatlakozz a Hotel RUM Michelin csillagos \u00e9tterm\u00e9hez!<\/span><\/div>\n<\/div>\n<\/div>\n<\/div>\n<div class=\"job-card\">\n<div class=\"job-card__image-wrapper\">\n<div class=\"image-wrapper__inner\"><\/div>\n<\/div>\n<\/div>\n<p>[\/et_pb_text][et_pb_button button_url=&#8221;mailto:career@hotelrumbudapest.com&#8221; button_text=&#8221;Jelentkezz&#8221; button_alignment=&#8221;center&#8221; _builder_version=&#8221;4.23&#8243; _module_preset=&#8221;default&#8221; custom_button=&#8221;on&#8221; button_text_size=&#8221;18px&#8221; button_text_color=&#8221;#FFFFFF&#8221; button_bg_color=&#8221;#000000&#8243; button_border_width=&#8221;3px&#8221; button_border_color=&#8221;#000000&#8243; button_border_radius=&#8221;0px&#8221; button_letter_spacing=&#8221;1px&#8221; button_font=&#8221;ZonaPro Regular|||on|||||&#8221; global_colors_info=&#8221;{}&#8221; button_bg_color__hover_enabled=&#8221;on|hover&#8221; button_bg_color__hover=&#8221;#FFFFFF&#8221; button_bg_enable_color__hover=&#8221;on&#8221; button_text_color__hover_enabled=&#8221;on|hover&#8221; button_text_color__hover=&#8221;#000000&#8243;][\/et_pb_button][\/et_pb_column][\/et_pb_row][\/et_pb_section]<\/p>\n","protected":false},"excerpt":{"rendered":"<p>NYITOTT POZ\u00cdCI\u00d3KSz\u00e1munkra nagyon fontos, hogy a vel\u00fcnk dolgoz\u00f3k megtal\u00e1lj\u00e1k motiv\u00e1ci\u00f3ikat, ki tudj\u00e1k magukb\u00f3l hozni a legt\u00f6bbet, hogy egy\u00fctt fejl\u0151dhess\u00fcnk, \u00e9s egy\u00fctt legy\u00fcnk j\u00f3 vend\u00e9gl\u00e1t\u00f3k. Ha nyitott, bar\u00e1ts\u00e1gos, c\u00e9ltudatos vagy, \u00e9s szeretn\u00e9l a RUM csal\u00e1dhoz tartozni, jelentkezz hozz\u00e1nk! Amennyiben nem tal\u00e1lod azt a poz\u00edci\u00f3t, amit keresel, de m\u00e9gis sz\u00edvesen csatlakozn\u00e1l hozz\u00e1nk, jelentkezz b\u00e1tran a\u00a0career@hotelrumbudapest.com\u00a0c\u00edmen. \u00cdrd meg [&hellip;]<\/p>\n","protected":false},"author":2,"featured_media":0,"parent":0,"menu_order":0,"comment_status":"closed","ping_status":"closed","template":"","meta":{"_et_pb_use_builder":"on","_et_pb_old_content":"","_et_gb_content_width":"","footnotes":""},"class_list":["post-1542","page","type-page","status-publish","hentry"],"yoast_head":"<!-- This site is optimized with the Yoast SEO plugin v26.8 - https:\/\/yoast.com\/product\/yoast-seo-wordpress\/ -->\n<title>Karrier - Hotel Rum Budapest<\/title>\n<meta name=\"robots\" content=\"index, follow, max-snippet:-1, max-image-preview:large, max-video-preview:-1\" \/>\n<link rel=\"canonical\" href=\"https:\/\/hotelrumbudapest.com\/hu\/karrier\/\" \/>\n<meta property=\"og:locale\" content=\"hu_HU\" \/>\n<meta property=\"og:type\" content=\"article\" \/>\n<meta property=\"og:title\" content=\"Karrier - Hotel Rum Budapest\" \/>\n<meta property=\"og:description\" content=\"NYITOTT POZ\u00cdCI\u00d3KSz\u00e1munkra nagyon fontos, hogy a vel\u00fcnk dolgoz\u00f3k megtal\u00e1lj\u00e1k motiv\u00e1ci\u00f3ikat, ki tudj\u00e1k magukb\u00f3l hozni a legt\u00f6bbet, hogy egy\u00fctt fejl\u0151dhess\u00fcnk, \u00e9s egy\u00fctt legy\u00fcnk j\u00f3 vend\u00e9gl\u00e1t\u00f3k. Ha nyitott, bar\u00e1ts\u00e1gos, c\u00e9ltudatos vagy, \u00e9s szeretn\u00e9l a RUM csal\u00e1dhoz tartozni, jelentkezz hozz\u00e1nk! Amennyiben nem tal\u00e1lod azt a poz\u00edci\u00f3t, amit keresel, de m\u00e9gis sz\u00edvesen csatlakozn\u00e1l hozz\u00e1nk, jelentkezz b\u00e1tran a\u00a0career@hotelrumbudapest.com\u00a0c\u00edmen. \u00cdrd meg [&hellip;]\" \/>\n<meta property=\"og:url\" content=\"https:\/\/hotelrumbudapest.com\/hu\/karrier\/\" \/>\n<meta property=\"og:site_name\" content=\"Hotel Rum Budapest\" \/>\n<meta property=\"article:modified_time\" content=\"2023-12-15T12:41:02+00:00\" \/>\n<meta name=\"twitter:card\" content=\"summary_large_image\" \/>\n<meta name=\"twitter:label1\" content=\"Becs\u00fclt olvas\u00e1si id\u0151\" \/>\n\t<meta name=\"twitter:data1\" content=\"3 perc\" \/>\n<script type=\"application\/ld+json\" class=\"yoast-schema-graph\">{\"@context\":\"https:\/\/schema.org\",\"@graph\":[{\"@type\":\"WebPage\",\"@id\":\"https:\/\/hotelrumbudapest.com\/hu\/karrier\/\",\"url\":\"https:\/\/hotelrumbudapest.com\/hu\/karrier\/\",\"name\":\"Karrier - Hotel Rum Budapest\",\"isPartOf\":{\"@id\":\"https:\/\/hotelrumbudapest.com\/#website\"},\"datePublished\":\"2023-12-06T10:16:49+00:00\",\"dateModified\":\"2023-12-15T12:41:02+00:00\",\"breadcrumb\":{\"@id\":\"https:\/\/hotelrumbudapest.com\/hu\/karrier\/#breadcrumb\"},\"inLanguage\":\"hu\",\"potentialAction\":[{\"@type\":\"ReadAction\",\"target\":[\"https:\/\/hotelrumbudapest.com\/hu\/karrier\/\"]}]},{\"@type\":\"BreadcrumbList\",\"@id\":\"https:\/\/hotelrumbudapest.com\/hu\/karrier\/#breadcrumb\",\"itemListElement\":[{\"@type\":\"ListItem\",\"position\":1,\"name\":\"Home\",\"item\":\"https:\/\/hotelrumbudapest.com\/hu\/\"},{\"@type\":\"ListItem\",\"position\":2,\"name\":\"Karrier\"}]},{\"@type\":\"WebSite\",\"@id\":\"https:\/\/hotelrumbudapest.com\/#website\",\"url\":\"https:\/\/hotelrumbudapest.com\/\",\"name\":\"Hotel Rum Budapest\",\"description\":\"\",\"potentialAction\":[{\"@type\":\"SearchAction\",\"target\":{\"@type\":\"EntryPoint\",\"urlTemplate\":\"https:\/\/hotelrumbudapest.com\/?s={search_term_string}\"},\"query-input\":{\"@type\":\"PropertyValueSpecification\",\"valueRequired\":true,\"valueName\":\"search_term_string\"}}],\"inLanguage\":\"hu\"}]}<\/script>\n<!-- \/ Yoast SEO plugin. -->","yoast_head_json":{"title":"Karrier - Hotel Rum Budapest","robots":{"index":"index","follow":"follow","max-snippet":"max-snippet:-1","max-image-preview":"max-image-preview:large","max-video-preview":"max-video-preview:-1"},"canonical":"https:\/\/hotelrumbudapest.com\/hu\/karrier\/","og_locale":"hu_HU","og_type":"article","og_title":"Karrier - Hotel Rum Budapest","og_description":"NYITOTT POZ\u00cdCI\u00d3KSz\u00e1munkra nagyon fontos, hogy a vel\u00fcnk dolgoz\u00f3k megtal\u00e1lj\u00e1k motiv\u00e1ci\u00f3ikat, ki tudj\u00e1k magukb\u00f3l hozni a legt\u00f6bbet, hogy egy\u00fctt fejl\u0151dhess\u00fcnk, \u00e9s egy\u00fctt legy\u00fcnk j\u00f3 vend\u00e9gl\u00e1t\u00f3k. Ha nyitott, bar\u00e1ts\u00e1gos, c\u00e9ltudatos vagy, \u00e9s szeretn\u00e9l a RUM csal\u00e1dhoz tartozni, jelentkezz hozz\u00e1nk! Amennyiben nem tal\u00e1lod azt a poz\u00edci\u00f3t, amit keresel, de m\u00e9gis sz\u00edvesen csatlakozn\u00e1l hozz\u00e1nk, jelentkezz b\u00e1tran a\u00a0career@hotelrumbudapest.com\u00a0c\u00edmen. \u00cdrd meg [&hellip;]","og_url":"https:\/\/hotelrumbudapest.com\/hu\/karrier\/","og_site_name":"Hotel Rum Budapest","article_modified_time":"2023-12-15T12:41:02+00:00","twitter_card":"summary_large_image","twitter_misc":{"Becs\u00fclt olvas\u00e1si id\u0151":"3 perc"},"schema":{"@context":"https:\/\/schema.org","@graph":[{"@type":"WebPage","@id":"https:\/\/hotelrumbudapest.com\/hu\/karrier\/","url":"https:\/\/hotelrumbudapest.com\/hu\/karrier\/","name":"Karrier - Hotel Rum Budapest","isPartOf":{"@id":"https:\/\/hotelrumbudapest.com\/#website"},"datePublished":"2023-12-06T10:16:49+00:00","dateModified":"2023-12-15T12:41:02+00:00","breadcrumb":{"@id":"https:\/\/hotelrumbudapest.com\/hu\/karrier\/#breadcrumb"},"inLanguage":"hu","potentialAction":[{"@type":"ReadAction","target":["https:\/\/hotelrumbudapest.com\/hu\/karrier\/"]}]},{"@type":"BreadcrumbList","@id":"https:\/\/hotelrumbudapest.com\/hu\/karrier\/#breadcrumb","itemListElement":[{"@type":"ListItem","position":1,"name":"Home","item":"https:\/\/hotelrumbudapest.com\/hu\/"},{"@type":"ListItem","position":2,"name":"Karrier"}]},{"@type":"WebSite","@id":"https:\/\/hotelrumbudapest.com\/#website","url":"https:\/\/hotelrumbudapest.com\/","name":"Hotel Rum Budapest","description":"","potentialAction":[{"@type":"SearchAction","target":{"@type":"EntryPoint","urlTemplate":"https:\/\/hotelrumbudapest.com\/?s={search_term_string}"},"query-input":{"@type":"PropertyValueSpecification","valueRequired":true,"valueName":"search_term_string"}}],"inLanguage":"hu"}]}},"_links":{"self":[{"href":"https:\/\/hotelrumbudapest.com\/hu\/wp-json\/wp\/v2\/pages\/1542","targetHints":{"allow":["GET"]}}],"collection":[{"href":"https:\/\/hotelrumbudapest.com\/hu\/wp-json\/wp\/v2\/pages"}],"about":[{"href":"https:\/\/hotelrumbudapest.com\/hu\/wp-json\/wp\/v2\/types\/page"}],"author":[{"embeddable":true,"href":"https:\/\/hotelrumbudapest.com\/hu\/wp-json\/wp\/v2\/users\/2"}],"replies":[{"embeddable":true,"href":"https:\/\/hotelrumbudapest.com\/hu\/wp-json\/wp\/v2\/comments?post=1542"}],"version-history":[{"count":9,"href":"https:\/\/hotelrumbudapest.com\/hu\/wp-json\/wp\/v2\/pages\/1542\/revisions"}],"predecessor-version":[{"id":1775,"href":"https:\/\/hotelrumbudapest.com\/hu\/wp-json\/wp\/v2\/pages\/1542\/revisions\/1775"}],"wp:attachment":[{"href":"https:\/\/hotelrumbudapest.com\/hu\/wp-json\/wp\/v2\/media?parent=1542"}],"curies":[{"name":"wp","href":"https:\/\/api.w.org\/{rel}","templated":true}]}}