{"id":1058,"date":"2023-11-24T15:07:09","date_gmt":"2023-11-24T15:07:09","guid":{"rendered":"https:\/\/hotelrumbudapest.com\/?page_id=1058"},"modified":"2026-03-10T20:27:57","modified_gmt":"2026-03-10T20:27:57","slug":"egyejszakas-kaland","status":"publish","type":"page","link":"https:\/\/hotelrumbudapest.com\/hu\/ajanlatok\/egyejszakas-kaland\/","title":{"rendered":"Egy\u00e9jszak\u00e1s kaland"},"content":{"rendered":"<p>[et_pb_section fb_built=&#8221;1&#8243; _builder_version=&#8221;4.23&#8243; _module_preset=&#8221;default&#8221; background_color=&#8221;#fbf7ef&#8221; custom_margin=&#8221;||||false|false&#8221; custom_padding=&#8221;|||0px||&#8221; da_disable_devices=&#8221;off|off|off&#8221; global_colors_info=&#8221;{}&#8221; da_is_popup=&#8221;off&#8221; da_exit_intent=&#8221;off&#8221; da_has_close=&#8221;on&#8221; da_alt_close=&#8221;off&#8221; da_dark_close=&#8221;off&#8221; da_not_modal=&#8221;on&#8221; da_is_singular=&#8221;off&#8221; da_with_loader=&#8221;off&#8221; da_has_shadow=&#8221;on&#8221;][et_pb_row _builder_version=&#8221;4.23&#8243; _module_preset=&#8221;default&#8221; width=&#8221;95%&#8221; max_width=&#8221;2560px&#8221; custom_margin=&#8221;30px||||false|false&#8221; global_colors_info=&#8221;{}&#8221;][et_pb_column type=&#8221;4_4&#8243; _builder_version=&#8221;4.23&#8243; _module_preset=&#8221;default&#8221; global_colors_info=&#8221;{}&#8221;][et_pb_text admin_label=&#8221;Text&#8221; _builder_version=&#8221;4.23&#8243; _module_preset=&#8221;default&#8221; text_font=&#8221;ZonaPro Bold|600||on|||||&#8221; text_text_color=&#8221;#000000&#8243; text_font_size=&#8221;24px&#8221; text_letter_spacing=&#8221;3px&#8221; text_orientation=&#8221;center&#8221; custom_margin=&#8221;||10px||false|false&#8221; custom_padding=&#8221;||0px||false|false&#8221; global_colors_info=&#8221;{}&#8221;]<\/p>\n<p>EGY\u00c9JSZAK\u00c1S KALAND<\/p>\n<p>[\/et_pb_text][et_pb_divider divider_weight=&#8221;6px&#8221; _builder_version=&#8221;4.23&#8243; _module_preset=&#8221;default&#8221; max_width=&#8221;16px&#8221; module_alignment=&#8221;center&#8221; global_colors_info=&#8221;{}&#8221;][\/et_pb_divider][\/et_pb_column][\/et_pb_row][et_pb_row column_structure=&#8221;1_2,1_2&#8243; _builder_version=&#8221;4.23&#8243; _module_preset=&#8221;default&#8221; locked=&#8221;off&#8221; global_colors_info=&#8221;{}&#8221;][et_pb_column type=&#8221;1_2&#8243; _builder_version=&#8221;4.23&#8243; _module_preset=&#8221;default&#8221; global_colors_info=&#8221;{}&#8221;][et_pb_image src=&#8221;https:\/\/hotelrumbudapest.com\/wp-content\/uploads\/2024\/08\/ZZZZ7086-scaled.jpg&#8221; title_text=&#8221;ZZZZ7086&#8243; src_tablet=&#8221;https:\/\/hotelrumbudapest.com\/wp-content\/uploads\/2023\/11\/Hotel-Rum-Budapest-7.jpg&#8221; src_phone=&#8221;https:\/\/hotelrumbudapest.com\/wp-content\/uploads\/2023\/11\/Hotel-Rum-Budapest-7.jpg&#8221; src_last_edited=&#8221;on|desktop&#8221; _builder_version=&#8221;4.23&#8243; _module_preset=&#8221;default&#8221; max_width=&#8221;60%&#8221; max_width_tablet=&#8221;100%&#8221; max_width_phone=&#8221;100%&#8221; max_width_last_edited=&#8221;on|phone&#8221; module_alignment=&#8221;right&#8221; module_alignment_tablet=&#8221;&#8221; module_alignment_phone=&#8221;&#8221; module_alignment_last_edited=&#8221;on|tablet&#8221; global_colors_info=&#8221;{}&#8221; src__hover_enabled=&#8221;on|desktop&#8221; src__hover=&#8221;https:\/\/hotelrumbudapest.com\/wp-content\/uploads\/2023\/11\/Hotel-Rum-Budapest-7.jpg&#8221;][\/et_pb_image][\/et_pb_column][et_pb_column type=&#8221;1_2&#8243; _builder_version=&#8221;4.23&#8243; _module_preset=&#8221;default&#8221; global_colors_info=&#8221;{}&#8221;][et_pb_text _builder_version=&#8221;4.23&#8243; _module_preset=&#8221;default&#8221; text_font=&#8221;ZonaPro Regular||||||||&#8221; text_text_color=&#8221;#000000&#8243; custom_margin=&#8221;||3px|||&#8221; custom_padding=&#8221;||0px|||&#8221; global_colors_info=&#8221;{}&#8221;]<\/p>\n<p>Vacsor\u00e1zzon a SALT-ban \u2013 a MICHELIN Star \u00e9tterm\u00fcnkben \u2013 \u00e9s t\u00f6ltse az \u00e9jszak\u00e1t sz\u00e1llod\u00e1nkban!<\/p>\n<p>[\/et_pb_text][et_pb_text _builder_version=&#8221;4.23&#8243; _module_preset=&#8221;default&#8221; text_font=&#8221;ZonaPro Regular||||||||&#8221; text_text_color=&#8221;#000000&#8243; custom_margin=&#8221;||10px||false|false&#8221; locked=&#8221;off&#8221; global_colors_info=&#8221;{}&#8221;]<\/p>\n<p>A csomag tartalma:<\/p>\n<ul>\n<li>Large szoba 1 \u00e9jszak\u00e1ra<\/li>\n<li>Welcome \u00fcveg cava<\/li>\n<li>Vacsora a Salt Budapestben<\/li>\n<li>A\u2019la carte reggeli a Solid-ban<\/li>\n<li>K\u00e9s\u0151i kijelentkez\u00e9s 12 \u00f3r\u00e1ig<\/li>\n<\/ul>\n<p>[\/et_pb_text][et_pb_text _builder_version=&#8221;4.23&#8243; _module_preset=&#8221;default&#8221; text_font=&#8221;ZonaPro Regular||||||||&#8221; text_text_color=&#8221;#000000&#8243; custom_margin=&#8221;||10px||false|false&#8221; locked=&#8221;off&#8221; global_colors_info=&#8221;{}&#8221;]<\/p>\n<p>A csomag \u00e1ra:\u00a0 <strong>690 EUR\u00a0<\/strong><\/p>\n<p>[\/et_pb_text][et_pb_text _builder_version=&#8221;4.27.5&#8243; _module_preset=&#8221;default&#8221; text_font=&#8221;ZonaPro Regular||||||||&#8221; text_text_color=&#8221;#000000&#8243; link_text_color=&#8221;#000000&#8243; hover_enabled=&#8221;0&#8243; global_colors_info=&#8221;{}&#8221; sticky_enabled=&#8221;0&#8243;]<\/p>\n<p>Az \u00e1r mag\u00e1ban foglalja a szoba \u00e1r\u00e1t, a reggelit \u00e9s a nagy men\u00fct szerv\u00edzd\u00edjjal a SALT Budapestben, de nem tartalmazza az italcsomagot! Felh\u00edvjuk sz\u00edves figyelm\u00e9t, hogy a csomag \u00f6sszege el\u0151re fizetend\u0151 \u00e9s nem <span>vissza t\u00e9r\u00edtend\u0151.<\/span><\/p>\n<p>Foglal\u00e1s c\u00e9lj\u00e1b\u00f3l vedd fel vel\u00fcnk a kapcsolatot a\u00a0<a href=\"mailto:hello@hotelrumbudapest.com\">hello@hotelrumbudapest.com<\/a>\u00a0c\u00edmen \u00e9s a t\u00e1rgyban haszn\u00e1ld a\u00a0<strong>ONE NIGHT<\/strong> c\u00edmet \u2013 az aj\u00e1nlat 2026.12.28-ig \u00e9rv\u00e9nyes, kiv\u00e9ve a kiz\u00e1rt id\u0151szakokban.<\/p>\n<p>[\/et_pb_text][et_pb_button button_url=&#8221;mailto:hello@hotelrumbudapest.com&#8221; button_text=&#8221;foglal\u00e1s&#8221; button_alignment=&#8221;left&#8221; _builder_version=&#8221;4.23&#8243; _module_preset=&#8221;default&#8221; custom_button=&#8221;on&#8221; button_text_size=&#8221;18px&#8221; button_text_color=&#8221;#FFFFFF&#8221; button_bg_color=&#8221;#000000&#8243; button_border_width=&#8221;5px&#8221; button_border_color=&#8221;#000000&#8243; button_border_radius=&#8221;0px&#8221; button_letter_spacing=&#8221;3px&#8221; button_font=&#8221;ZonaPro Regular|||on|||||&#8221; button_on_hover=&#8221;off&#8221; custom_padding=&#8221;|50px||30px|false|false&#8221; global_colors_info=&#8221;{}&#8221; button_bg_color__hover_enabled=&#8221;on|hover&#8221; button_bg_color__hover=&#8221;#FFFFFF&#8221; button_bg_enable_color__hover=&#8221;on&#8221; button_text_color__hover_enabled=&#8221;on|desktop&#8221; button_text_color__hover=&#8221;#000000&#8243;][\/et_pb_button][\/et_pb_column][\/et_pb_row][\/et_pb_section]<\/p>\n","protected":false},"excerpt":{"rendered":"<p>EGY\u00c9JSZAK\u00c1S KALANDVacsor\u00e1zzon a SALT-ban \u2013 a MICHELIN Star \u00e9tterm\u00fcnkben \u2013 \u00e9s t\u00f6ltse az \u00e9jszak\u00e1t sz\u00e1llod\u00e1nkban!A csomag tartalma: Large szoba 1 \u00e9jszak\u00e1ra Welcome \u00fcveg cava Vacsora a Salt Budapestben A\u2019la carte reggeli a Solid-ban K\u00e9s\u0151i kijelentkez\u00e9s 12 \u00f3r\u00e1ig A csomag \u00e1ra:\u00a0 690 EUR\u00a0Az \u00e1r mag\u00e1ban foglalja a szoba \u00e1r\u00e1t, a reggelit \u00e9s a nagy men\u00fct szerv\u00edzd\u00edjjal [&hellip;]<\/p>\n","protected":false},"author":1,"featured_media":0,"parent":1011,"menu_order":0,"comment_status":"closed","ping_status":"closed","template":"","meta":{"_et_pb_use_builder":"on","_et_pb_old_content":"","_et_gb_content_width":"","footnotes":""},"class_list":["post-1058","page","type-page","status-publish","hentry"],"yoast_head":"<!-- This site is optimized with the Yoast SEO plugin v27.4 - https:\/\/yoast.com\/product\/yoast-seo-wordpress\/ -->\n<title>Egy\u00e9jszak\u00e1s Kaland - Hotel Rum Budapest<\/title>\n<meta name=\"description\" content=\"Vacsor\u00e1zz Michelin-csillagos \u00e9tterm\u00fcnkben, a SALT-ben \u00e9s t\u00f6lts el egy \u00e9jszak\u00e1t a hotelben.Nagy szoba 1 \u00e9jszak\u00e1ra, vacsora a Salt Budapest-ben (15 fog\u00e1s), A\u2019la carte reggeli a tet\u0151teraszon, Welcome \u00fcveg cava, K\u00e9s\u0151i kijelentkez\u00e9s 12 \u00f3r\u00e1ig. \u00c1r: 590 EUR \/ 2 f\u0151 \/ 1 \u00e9j\" \/>\n<meta name=\"robots\" content=\"index, follow, max-snippet:-1, max-image-preview:large, max-video-preview:-1\" \/>\n<link rel=\"canonical\" href=\"https:\/\/hotelrumbudapest.com\/hu\/ajanlatok\/egyejszakas-kaland\/\" \/>\n<meta property=\"og:locale\" content=\"hu_HU\" \/>\n<meta property=\"og:type\" content=\"article\" \/>\n<meta property=\"og:title\" content=\"Egy\u00e9jszak\u00e1s Kaland - Hotel Rum Budapest\" \/>\n<meta property=\"og:description\" content=\"Vacsor\u00e1zz Michelin-csillagos \u00e9tterm\u00fcnkben, a SALT-ben \u00e9s t\u00f6lts el egy \u00e9jszak\u00e1t a hotelben.Nagy szoba 1 \u00e9jszak\u00e1ra, vacsora a Salt Budapest-ben (15 fog\u00e1s), A\u2019la carte reggeli a tet\u0151teraszon, Welcome \u00fcveg cava, K\u00e9s\u0151i kijelentkez\u00e9s 12 \u00f3r\u00e1ig. \u00c1r: 590 EUR \/ 2 f\u0151 \/ 1 \u00e9j\" \/>\n<meta property=\"og:url\" content=\"https:\/\/hotelrumbudapest.com\/hu\/ajanlatok\/egyejszakas-kaland\/\" \/>\n<meta property=\"og:site_name\" content=\"Hotel Rum Budapest\" \/>\n<meta property=\"article:modified_time\" content=\"2026-03-10T20:27:57+00:00\" \/>\n<meta name=\"twitter:card\" content=\"summary_large_image\" \/>\n<meta name=\"twitter:label1\" content=\"Becs\u00fclt olvas\u00e1si id\u0151\" \/>\n\t<meta name=\"twitter:data1\" content=\"1 perc\" \/>\n<script type=\"application\/ld+json\" class=\"yoast-schema-graph\">{\"@context\":\"https:\\\/\\\/schema.org\",\"@graph\":[{\"@type\":\"WebPage\",\"@id\":\"https:\\\/\\\/hotelrumbudapest.com\\\/hu\\\/ajanlatok\\\/egyejszakas-kaland\\\/\",\"url\":\"https:\\\/\\\/hotelrumbudapest.com\\\/hu\\\/ajanlatok\\\/egyejszakas-kaland\\\/\",\"name\":\"Egy\u00e9jszak\u00e1s Kaland - Hotel Rum Budapest\",\"isPartOf\":{\"@id\":\"https:\\\/\\\/hotelrumbudapest.com\\\/#website\"},\"datePublished\":\"2023-11-24T15:07:09+00:00\",\"dateModified\":\"2026-03-10T20:27:57+00:00\",\"description\":\"Vacsor\u00e1zz Michelin-csillagos \u00e9tterm\u00fcnkben, a SALT-ben \u00e9s t\u00f6lts el egy \u00e9jszak\u00e1t a hotelben.Nagy szoba 1 \u00e9jszak\u00e1ra, vacsora a Salt Budapest-ben (15 fog\u00e1s), A\u2019la carte reggeli a tet\u0151teraszon, Welcome \u00fcveg cava, K\u00e9s\u0151i kijelentkez\u00e9s 12 \u00f3r\u00e1ig. \u00c1r: 590 EUR \\\/ 2 f\u0151 \\\/ 1 \u00e9j\",\"breadcrumb\":{\"@id\":\"https:\\\/\\\/hotelrumbudapest.com\\\/hu\\\/ajanlatok\\\/egyejszakas-kaland\\\/#breadcrumb\"},\"inLanguage\":\"hu\",\"potentialAction\":[{\"@type\":\"ReadAction\",\"target\":[\"https:\\\/\\\/hotelrumbudapest.com\\\/hu\\\/ajanlatok\\\/egyejszakas-kaland\\\/\"]}]},{\"@type\":\"BreadcrumbList\",\"@id\":\"https:\\\/\\\/hotelrumbudapest.com\\\/hu\\\/ajanlatok\\\/egyejszakas-kaland\\\/#breadcrumb\",\"itemListElement\":[{\"@type\":\"ListItem\",\"position\":1,\"name\":\"Home\",\"item\":\"https:\\\/\\\/hotelrumbudapest.com\\\/hu\\\/\"},{\"@type\":\"ListItem\",\"position\":2,\"name\":\"PROM\u00d3CI\u00d3K &#038; CSOMAGOK\",\"item\":\"https:\\\/\\\/hotelrumbudapest.com\\\/hu\\\/ajanlatok\\\/\"},{\"@type\":\"ListItem\",\"position\":3,\"name\":\"Egy\u00e9jszak\u00e1s kaland\"}]},{\"@type\":\"WebSite\",\"@id\":\"https:\\\/\\\/hotelrumbudapest.com\\\/#website\",\"url\":\"https:\\\/\\\/hotelrumbudapest.com\\\/\",\"name\":\"Hotel Rum Budapest\",\"description\":\"\",\"potentialAction\":[{\"@type\":\"SearchAction\",\"target\":{\"@type\":\"EntryPoint\",\"urlTemplate\":\"https:\\\/\\\/hotelrumbudapest.com\\\/?s={search_term_string}\"},\"query-input\":{\"@type\":\"PropertyValueSpecification\",\"valueRequired\":true,\"valueName\":\"search_term_string\"}}],\"inLanguage\":\"hu\"}]}<\/script>\n<!-- \/ Yoast SEO plugin. -->","yoast_head_json":{"title":"Egy\u00e9jszak\u00e1s Kaland - Hotel Rum Budapest","description":"Vacsor\u00e1zz Michelin-csillagos \u00e9tterm\u00fcnkben, a SALT-ben \u00e9s t\u00f6lts el egy \u00e9jszak\u00e1t a hotelben.Nagy szoba 1 \u00e9jszak\u00e1ra, vacsora a Salt Budapest-ben (15 fog\u00e1s), A\u2019la carte reggeli a tet\u0151teraszon, Welcome \u00fcveg cava, K\u00e9s\u0151i kijelentkez\u00e9s 12 \u00f3r\u00e1ig. \u00c1r: 590 EUR \/ 2 f\u0151 \/ 1 \u00e9j","robots":{"index":"index","follow":"follow","max-snippet":"max-snippet:-1","max-image-preview":"max-image-preview:large","max-video-preview":"max-video-preview:-1"},"canonical":"https:\/\/hotelrumbudapest.com\/hu\/ajanlatok\/egyejszakas-kaland\/","og_locale":"hu_HU","og_type":"article","og_title":"Egy\u00e9jszak\u00e1s Kaland - Hotel Rum Budapest","og_description":"Vacsor\u00e1zz Michelin-csillagos \u00e9tterm\u00fcnkben, a SALT-ben \u00e9s t\u00f6lts el egy \u00e9jszak\u00e1t a hotelben.Nagy szoba 1 \u00e9jszak\u00e1ra, vacsora a Salt Budapest-ben (15 fog\u00e1s), A\u2019la carte reggeli a tet\u0151teraszon, Welcome \u00fcveg cava, K\u00e9s\u0151i kijelentkez\u00e9s 12 \u00f3r\u00e1ig. \u00c1r: 590 EUR \/ 2 f\u0151 \/ 1 \u00e9j","og_url":"https:\/\/hotelrumbudapest.com\/hu\/ajanlatok\/egyejszakas-kaland\/","og_site_name":"Hotel Rum Budapest","article_modified_time":"2026-03-10T20:27:57+00:00","twitter_card":"summary_large_image","twitter_misc":{"Becs\u00fclt olvas\u00e1si id\u0151":"1 perc"},"schema":{"@context":"https:\/\/schema.org","@graph":[{"@type":"WebPage","@id":"https:\/\/hotelrumbudapest.com\/hu\/ajanlatok\/egyejszakas-kaland\/","url":"https:\/\/hotelrumbudapest.com\/hu\/ajanlatok\/egyejszakas-kaland\/","name":"Egy\u00e9jszak\u00e1s Kaland - Hotel Rum Budapest","isPartOf":{"@id":"https:\/\/hotelrumbudapest.com\/#website"},"datePublished":"2023-11-24T15:07:09+00:00","dateModified":"2026-03-10T20:27:57+00:00","description":"Vacsor\u00e1zz Michelin-csillagos \u00e9tterm\u00fcnkben, a SALT-ben \u00e9s t\u00f6lts el egy \u00e9jszak\u00e1t a hotelben.Nagy szoba 1 \u00e9jszak\u00e1ra, vacsora a Salt Budapest-ben (15 fog\u00e1s), A\u2019la carte reggeli a tet\u0151teraszon, Welcome \u00fcveg cava, K\u00e9s\u0151i kijelentkez\u00e9s 12 \u00f3r\u00e1ig. \u00c1r: 590 EUR \/ 2 f\u0151 \/ 1 \u00e9j","breadcrumb":{"@id":"https:\/\/hotelrumbudapest.com\/hu\/ajanlatok\/egyejszakas-kaland\/#breadcrumb"},"inLanguage":"hu","potentialAction":[{"@type":"ReadAction","target":["https:\/\/hotelrumbudapest.com\/hu\/ajanlatok\/egyejszakas-kaland\/"]}]},{"@type":"BreadcrumbList","@id":"https:\/\/hotelrumbudapest.com\/hu\/ajanlatok\/egyejszakas-kaland\/#breadcrumb","itemListElement":[{"@type":"ListItem","position":1,"name":"Home","item":"https:\/\/hotelrumbudapest.com\/hu\/"},{"@type":"ListItem","position":2,"name":"PROM\u00d3CI\u00d3K &#038; CSOMAGOK","item":"https:\/\/hotelrumbudapest.com\/hu\/ajanlatok\/"},{"@type":"ListItem","position":3,"name":"Egy\u00e9jszak\u00e1s kaland"}]},{"@type":"WebSite","@id":"https:\/\/hotelrumbudapest.com\/#website","url":"https:\/\/hotelrumbudapest.com\/","name":"Hotel Rum Budapest","description":"","potentialAction":[{"@type":"SearchAction","target":{"@type":"EntryPoint","urlTemplate":"https:\/\/hotelrumbudapest.com\/?s={search_term_string}"},"query-input":{"@type":"PropertyValueSpecification","valueRequired":true,"valueName":"search_term_string"}}],"inLanguage":"hu"}]}},"_links":{"self":[{"href":"https:\/\/hotelrumbudapest.com\/hu\/wp-json\/wp\/v2\/pages\/1058","targetHints":{"allow":["GET"]}}],"collection":[{"href":"https:\/\/hotelrumbudapest.com\/hu\/wp-json\/wp\/v2\/pages"}],"about":[{"href":"https:\/\/hotelrumbudapest.com\/hu\/wp-json\/wp\/v2\/types\/page"}],"author":[{"embeddable":true,"href":"https:\/\/hotelrumbudapest.com\/hu\/wp-json\/wp\/v2\/users\/1"}],"replies":[{"embeddable":true,"href":"https:\/\/hotelrumbudapest.com\/hu\/wp-json\/wp\/v2\/comments?post=1058"}],"version-history":[{"count":28,"href":"https:\/\/hotelrumbudapest.com\/hu\/wp-json\/wp\/v2\/pages\/1058\/revisions"}],"predecessor-version":[{"id":2816,"href":"https:\/\/hotelrumbudapest.com\/hu\/wp-json\/wp\/v2\/pages\/1058\/revisions\/2816"}],"up":[{"embeddable":true,"href":"https:\/\/hotelrumbudapest.com\/hu\/wp-json\/wp\/v2\/pages\/1011"}],"wp:attachment":[{"href":"https:\/\/hotelrumbudapest.com\/hu\/wp-json\/wp\/v2\/media?parent=1058"}],"curies":[{"name":"wp","href":"https:\/\/api.w.org\/{rel}","templated":true}]}}